{"id":91,"date":"2014-10-27T14:43:52","date_gmt":"2014-10-27T13:43:52","guid":{"rendered":"http:\/\/aresasso.wordpress.com\/?page_id=91"},"modified":"2014-10-27T14:43:52","modified_gmt":"2014-10-27T13:43:52","slug":"2004-2","status":"publish","type":"page","link":"https:\/\/arec.asso.fr\/?page_id=91","title":{"rendered":"2004"},"content":{"rendered":"<h2>Les formes verbales complexes du chinois<\/h2>\n<p>Samedi 15 mai 2004 &#8211; Universit\u00e9 Paris 7 &#8211; UFR LCAO<\/p>\n<h3>Programme<\/h3>\n<p>&nbsp;<\/p>\n<ul>\n<li>Wu Fuxiang <span style=\"font-family:SimSun;\">\u5434\u798f\u7965<\/span> (Institut de linguistique de l\u2019Acad\u00e9mie des Sciences sociales de Chine Populaire <span style=\"font-family:SimSun;\">\u4e2d\u56fd\u793e\u4f1a\u79d1\u5b66\u9662\u8bed\u8a00\u7814\u7a76\u6240)<\/span><i>Le compl\u00e9ment de possibilit\u00e9 en chinois <span style=\"font-family:SimSun;\">\u6c49\u8bed\u80fd\u6027\u8865\u8bed\u7410\u8bae<\/span><\/i><\/li>\n<\/ul>\n<ul>\n<li>Xu Dan (Inalco, France)<i>Approche diachronique et s\u00e9mantique des compl\u00e9ments r\u00e9sultatifs<\/i><\/li>\n<\/ul>\n<ul>\n<li>Feng Li (Inalco, France)<i>Les compl\u00e9ments verbaux \/delai\/ et \/dequ\/ en shanghaien <span style=\"font-family:SimSun;\">\u4e0a\u6d77\u8bdd\u7684\u8865\u8bed\u201d\u5f97\u6765\u201d, \u201c\u5f97\u53bb\u201d<\/span><\/i><\/li>\n<\/ul>\n<ul>\n<li>Yuan Boping (Cambridge University, Angleterre)<i>Potential (non)-movement of thematic verbs in French-Chinese and English-Chinese interlanguages<\/i><\/li>\n<\/ul>\n<ul>\n<li>Odile Roth (Inalco, France)<i>Les diff\u00e9rences d\u2019emploi de <span style=\"font-family:SimSun;\">\u5b8c<\/span> wan et <span style=\"font-family:SimSun;\">\u597d<\/span> hao dans les structures r\u00e9sultatives du chinois contemporain<\/i><\/li>\n<\/ul>\n<ul>\n<li>Monique Hoa (Universit\u00e9 Paris VII, France)<i>Les compl\u00e9ments directionnels<\/i><\/li>\n<\/ul>\n<ul>\n<li>Qi Chong (Universit\u00e9 Paris VII, France)<i>La lexicalisation des formes verbales complexes<\/i><\/li>\n<\/ul>\n<ul>\n<li>Xu Shuang (Inalco, France)<i>Probl\u00e8mes de traduction des formes verbales complexes<\/i><\/li>\n<\/ul>\n<ul>\n<li>Zheng Dingou (City University of Hong Kong)<i>Cas d\u2019\u00e9tude sur la micro-structure des entr\u00e9es lexicales centr\u00e9es sur le verbe jie <span style=\"font-family:SimSun;\">\u89e3<\/span><\/i><\/li>\n<\/ul>\n<ul>\n<li>Xuan Li (SOAS, London University, Angleterre)<i>Reflections on Verb-complete Structure-as viewed from pedagogic grammar<\/i><\/li>\n<\/ul>\n<ul>\n<li>Fabienne MARC (Inalco, France)<i>Verbes et dictionnaires<\/i><\/li>\n<\/ul>\n<ul>\n<li>Paolo DEFROIA (Universit\u00e9 de Rome, Italie)<i>L\u2019enseignement du chinois \u00e0 l\u2019Universit\u00e9 de Rome<\/i><\/li>\n<\/ul>\n<ul>\n<li>Pierre MAGISTRY (Inalco, France)<i>Un dictionnaire \u00e9lectronique chinois-fran\u00e7ais, Chine au Logis (CHAL)<\/i><\/li>\n<\/ul>\n<p>&nbsp;<\/p>\n","protected":false},"excerpt":{"rendered":"<p>Les formes verbales complexes du chinois Samedi 15 mai 2004 &#8211; Universit\u00e9 Paris 7 &#8211; UFR LCAO Programme &nbsp; Wu Fuxiang \u5434\u798f\u7965 (Institut de linguistique de l\u2019Acad\u00e9mie des Sciences sociales de Chine Populaire \u4e2d\u56fd\u793e\u4f1a\u79d1\u5b66\u9662\u8bed\u8a00\u7814\u7a76\u6240)Le compl\u00e9ment de possibilit\u00e9 en chinois \u6c49\u8bed\u80fd\u6027\u8865\u8bed\u7410\u8bae Xu Dan (Inalco, France)Approche diachronique et s\u00e9mantique des compl\u00e9ments r\u00e9sultatifs Feng Li (Inalco, France)Les compl\u00e9ments&hellip;<\/p>\n","protected":false},"author":1,"featured_media":0,"parent":31,"menu_order":12,"comment_status":"open","ping_status":"closed","template":"page-templates\/template-full-width.php","meta":{"footnotes":""},"class_list":["post-91","page","type-page","status-publish","hentry"],"_links":{"self":[{"href":"https:\/\/arec.asso.fr\/index.php?rest_route=\/wp\/v2\/pages\/91","targetHints":{"allow":["GET"]}}],"collection":[{"href":"https:\/\/arec.asso.fr\/index.php?rest_route=\/wp\/v2\/pages"}],"about":[{"href":"https:\/\/arec.asso.fr\/index.php?rest_route=\/wp\/v2\/types\/page"}],"author":[{"embeddable":true,"href":"https:\/\/arec.asso.fr\/index.php?rest_route=\/wp\/v2\/users\/1"}],"replies":[{"embeddable":true,"href":"https:\/\/arec.asso.fr\/index.php?rest_route=%2Fwp%2Fv2%2Fcomments&post=91"}],"version-history":[{"count":0,"href":"https:\/\/arec.asso.fr\/index.php?rest_route=\/wp\/v2\/pages\/91\/revisions"}],"up":[{"embeddable":true,"href":"https:\/\/arec.asso.fr\/index.php?rest_route=\/wp\/v2\/pages\/31"}],"wp:attachment":[{"href":"https:\/\/arec.asso.fr\/index.php?rest_route=%2Fwp%2Fv2%2Fmedia&parent=91"}],"curies":[{"name":"wp","href":"https:\/\/api.w.org\/{rel}","templated":true}]}}