{"id":88,"date":"2014-10-27T14:42:24","date_gmt":"2014-10-27T13:42:24","guid":{"rendered":"http:\/\/aresasso.wordpress.com\/?page_id=88"},"modified":"2014-10-27T14:42:24","modified_gmt":"2014-10-27T13:42:24","slug":"2005-2","status":"publish","type":"page","link":"https:\/\/arec.asso.fr\/?page_id=88","title":{"rendered":"2005"},"content":{"rendered":"<h2>Le chinois classique et l\u2019enseignement du chinois classique<\/h2>\n<p>Samedi 28 mai 2005 &#8211; Universit\u00e9 Paris 7 &#8211; UFR LCAO<\/p>\n<h3>Programme<\/h3>\n<p>&nbsp;<\/p>\n<ul>\n<li>Lu Liehong \u76e7\u70c8\u7d05 (Universit\u00e9 de Wuhan, Chine)<i><span style=\"font-family:SimSun;\">\u9b4f\u6649\u4ee5\u5f8c\u7591\u554f\u4ee3\u8a5e\u201c\u4e91\u4f55\u201d\u7684\u767c\u5c55\u8207\u8870\u4ea1<\/span> (D\u00e9veloppement et disparition du pronom interrogatif \u00ab\u00a0yunhe\u00a0\u00bbapr\u00e8s l&rsquo;\u00e9poque des Wei et des Jin)<\/i><\/li>\n<\/ul>\n<ul>\n<li>Nicolas Zufferey (Universit\u00e9 de Gen\u00e8ve, Suisse)<i>Quelques remarques \u00e0 propos du vocabulaire du Hou Hanshu tel qu\u2019il est document\u00e9 dans le Hanyu da cidian<\/i><\/li>\n<\/ul>\n<ul>\n<li>Xu Dan (INALCO, CRLAO, Paris)<i>The semantic change of the verb <span style=\"font-family:SimSun;\">\u53bb<\/span> q\u00f9 from Old Chinese to Middle Chinese: leave a place &gt; go to a place<\/i><\/li>\n<\/ul>\n<ul>\n<li>Barbara Meisterernst (CRLAO, Allemagne)<i>Situation type in Han period Chinese<\/i><\/li>\n<\/ul>\n<ul>\n<li>Nicolas Lyssenko (Universit\u00e9 Paris VII)<i>Pr\u00e9sentation de la M\u00e9thode programm\u00e9e du chinois ancien<\/i><\/li>\n<\/ul>\n<ul>\n<li>Liu Le-ning <span style=\"font-family:SimSun;\">\u5289\u6a02\u5be7<\/span> (Columbia University, Etats-Unis)<i>Topic Continuity and the Teaching of Classical Chinese<\/i><\/li>\n<\/ul>\n<ul>\n<li>HSIUNG Hui-ju (EHESS, Paris)<i>A Cognitive Approach to the Semantic Evolution of Ablative Prepositions : the case of cong \u2018from\u2019 <span style=\"font-family:SimSun;\">(\u5f9e)<\/span><\/i><\/li>\n<\/ul>\n<ul>\n<li>Li Hongyin \u674e\u7d05\u5370 (Universit\u00e9 de P\u00e9kin\/Universit\u00e9 Paris X)<i><span style=\"font-family:SimSun;\">\u53e4\u4eca\u6f22\u8a9e\u8a5e\u532f\u806f\u7e6b\u7684\u7d10\u5e36\uff0d\u540c\u7d20\u8fd1\u7fa9\u55ae\u96d9\u97f3\u7bc0\u8a5e\u8aaa\u7565 \uff0d\u5f9e\u201c\u53f2\u201d\u548c\u201c\u6b77\u53f2\u201d\u7684\u4f7f\u7528\u8aaa\u8d77<\/span> G\u01d4-j\u012bn H\u00e0ny\u01d4 c\u00edhu\u00ec li\u00e1nx\u00ec de ni\u01d4d\u00e0i\uff0dt\u00f3ngs\u00f9 j\u00ecny\u00ec d\u0101n-shu\u0101ngy\u012bnji\u00e9 c\u00ed shu\u014d l\u00fc\u00e8 \uff0dc\u00f3ng\u201csh\u01d0\u201d h\u00e9 \u201cl\u00ecsh\u01d0\u201d de sh\u01d0y\u00f2ng shu\u014dq\u01d0<\/i><\/li>\n<\/ul>\n<ul>\n<li>Eliane Favier (Universit\u00e9 Paris VII)<i>Pr\u00e9sentation du manuel \u201c Introduction \u00e0 l\u2019\u00e9criture os-\u00e9caille \u201d<\/i><\/li>\n<\/ul>\n<ul>\n<li>Gr\u00e2ce Honghua Poizat-Xie (Universit\u00e9 de Gen\u00e8ve)<i>Est-il possible d\u2019enseigner le classique \u00e0 l\u2019aide du moderne ?<\/i><\/li>\n<\/ul>\n<ul>\n<li>Paul van Els (Universit\u00e9 de Leiden, Hollande)<i>Teaching Classical Chinese at Leiden University<\/i><\/li>\n<\/ul>\n<ul>\n<li>Lukas Zadrapa (Universit\u00e9 de Prague, R\u00e9publique Tch\u00e8que)<i>Teaching Classical Chinese at Prague University<\/i><\/li>\n<\/ul>\n<p>&nbsp;<\/p>\n","protected":false},"excerpt":{"rendered":"<p>Le chinois classique et l\u2019enseignement du chinois classique Samedi 28 mai 2005 &#8211; Universit\u00e9 Paris 7 &#8211; UFR LCAO Programme &nbsp; Lu Liehong \u76e7\u70c8\u7d05 (Universit\u00e9 de Wuhan, Chine)\u9b4f\u6649\u4ee5\u5f8c\u7591\u554f\u4ee3\u8a5e\u201c\u4e91\u4f55\u201d\u7684\u767c\u5c55\u8207\u8870\u4ea1 (D\u00e9veloppement et disparition du pronom interrogatif \u00ab\u00a0yunhe\u00a0\u00bbapr\u00e8s l&rsquo;\u00e9poque des Wei et des Jin) Nicolas Zufferey (Universit\u00e9 de Gen\u00e8ve, Suisse)Quelques remarques \u00e0 propos du vocabulaire du Hou Hanshu&hellip;<\/p>\n","protected":false},"author":1,"featured_media":0,"parent":31,"menu_order":11,"comment_status":"open","ping_status":"closed","template":"page-templates\/template-full-width.php","meta":{"footnotes":""},"class_list":["post-88","page","type-page","status-publish","hentry"],"_links":{"self":[{"href":"https:\/\/arec.asso.fr\/index.php?rest_route=\/wp\/v2\/pages\/88","targetHints":{"allow":["GET"]}}],"collection":[{"href":"https:\/\/arec.asso.fr\/index.php?rest_route=\/wp\/v2\/pages"}],"about":[{"href":"https:\/\/arec.asso.fr\/index.php?rest_route=\/wp\/v2\/types\/page"}],"author":[{"embeddable":true,"href":"https:\/\/arec.asso.fr\/index.php?rest_route=\/wp\/v2\/users\/1"}],"replies":[{"embeddable":true,"href":"https:\/\/arec.asso.fr\/index.php?rest_route=%2Fwp%2Fv2%2Fcomments&post=88"}],"version-history":[{"count":0,"href":"https:\/\/arec.asso.fr\/index.php?rest_route=\/wp\/v2\/pages\/88\/revisions"}],"up":[{"embeddable":true,"href":"https:\/\/arec.asso.fr\/index.php?rest_route=\/wp\/v2\/pages\/31"}],"wp:attachment":[{"href":"https:\/\/arec.asso.fr\/index.php?rest_route=%2Fwp%2Fv2%2Fmedia&parent=88"}],"curies":[{"name":"wp","href":"https:\/\/api.w.org\/{rel}","templated":true}]}}