{"id":85,"date":"2014-10-27T14:39:28","date_gmt":"2014-10-27T13:39:28","guid":{"rendered":"http:\/\/aresasso.wordpress.com\/?page_id=85"},"modified":"2014-10-27T14:39:28","modified_gmt":"2014-10-27T13:39:28","slug":"2006-2","status":"publish","type":"page","link":"https:\/\/arec.asso.fr\/?page_id=85","title":{"rendered":"2006"},"content":{"rendered":"<h2>Le <i>je<\/i> dans la Chine ancienne (des origines \u00e0 la dynastie des Han)<\/h2>\n<p>Samedi 20 mai 2006 &#8211; Centre Dauphine de l&rsquo;INaLCO<\/p>\n<h3>Programme<\/h3>\n<p>&nbsp;<\/p>\n<ul>\n<li>Nicolas Zufferey, Professeur (Universit\u00e9 de Gen\u00e8ve)<i>L\u2019expression du je et de la subjectivit\u00e9 dans la po\u00e9sie de la fin de la dynastie Han<\/i><\/li>\n<\/ul>\n<ul>\n<li>Xu Dan <span style=\"font-family:SimSun;\">\u5f90 \u4e39<\/span>, Professeur (INALCO)<i>L\u2019expression de la premi\u00e8re personne en chinois classique<\/i><\/li>\n<\/ul>\n<ul>\n<li>R\u00e9mi Mathieu, Directeur de recherche (CNRS)<i>Les penseurs confucianistes ha\u00efssent-ils tant le \u201cje\u201d?<\/i><\/li>\n<\/ul>\n<ul>\n<li>Dorothee Schaab-Hanke (Universit\u00e4t Hamburg\/ KU Leuven)<i>Subjectivity in Early Chinese Historiography: The \u201cI\u201d Voice in the \u201cTaishigong yue\u201d sections of the Shiji<\/i><\/li>\n<\/ul>\n<ul>\n<li>Jin Siyan <span style=\"font-family:SimSun;\">\u91d1 \u7d72 \u71d5<\/span>, MCF (Centre d\u2019Etudes et de Recherches Textes et Cultures, Universit\u00e9 d\u2019Artois)<i>Le je dans le Lisao<\/i><\/li>\n<\/ul>\n<ul>\n<li>Zhou Xinzhan <span style=\"font-family:SimSun;\">\u5468 \u6b23 \u5c55<\/span>, vice professeur (D\u00e9partement de lettres chinoises, Universit\u00e9 de Nanjing)<i><span style=\"font-family:SimSun;\">\u5148 \u79e6 \u5169 \u6f22 \u54f2 \u5b78 \u601d \u60f3 \u4e2d \u7684 \u4e3b \u9ad4 \u6027 \u554f \u984c<\/span><\/i><\/li>\n<\/ul>\n<ul>\n<li>Nicolas Lyssenko (Universit\u00e9 Paris VII)<i>De l\u2019importance de la notion d\u2019id\u00e9opictogramme dans l\u2019analyse des sinogrammes<\/i><\/li>\n<\/ul>\n<ul>\n<li>Daria Toussaint (Universit\u00e9 de Haute Alsace)<i>JE ou MOI ?<\/i><\/li>\n<\/ul>\n<ul>\n<li>Zhao Shiju <span style=\"font-family:SimSun;\">\u8d75\u4e16\u4e3e<\/span> (D\u00e9partement de Litt\u00e9rature de l&rsquo;Universit\u00e9 de Wuhan <span style=\"font-family:SimSun;\">\u4e2d\u56fd\u6b66\u6c49\u5927\u5b66\u6587\u5b66\u9662<\/span>)<i><span style=\"font-family:SimSun;\">\u6c49\u8bed\u7b2c\u4e00\u4eba\u79f0\u8868\u8fbe\u7684\u7279\u70b9\u4e0e\u5148\u6c11\u81ea\u6211\u610f\u8bc6\u7684\u7f3a\u5931<\/span><\/i><\/li>\n<\/ul>\n<p>&nbsp;<\/p>\n","protected":false},"excerpt":{"rendered":"<p>Le je dans la Chine ancienne (des origines \u00e0 la dynastie des Han) Samedi 20 mai 2006 &#8211; Centre Dauphine de l&rsquo;INaLCO Programme &nbsp; Nicolas Zufferey, Professeur (Universit\u00e9 de Gen\u00e8ve)L\u2019expression du je et de la subjectivit\u00e9 dans la po\u00e9sie de la fin de la dynastie Han Xu Dan \u5f90 \u4e39, Professeur (INALCO)L\u2019expression de la premi\u00e8re&hellip;<\/p>\n","protected":false},"author":1,"featured_media":0,"parent":31,"menu_order":10,"comment_status":"open","ping_status":"closed","template":"page-templates\/template-full-width.php","meta":{"footnotes":""},"class_list":["post-85","page","type-page","status-publish","hentry"],"_links":{"self":[{"href":"https:\/\/arec.asso.fr\/index.php?rest_route=\/wp\/v2\/pages\/85","targetHints":{"allow":["GET"]}}],"collection":[{"href":"https:\/\/arec.asso.fr\/index.php?rest_route=\/wp\/v2\/pages"}],"about":[{"href":"https:\/\/arec.asso.fr\/index.php?rest_route=\/wp\/v2\/types\/page"}],"author":[{"embeddable":true,"href":"https:\/\/arec.asso.fr\/index.php?rest_route=\/wp\/v2\/users\/1"}],"replies":[{"embeddable":true,"href":"https:\/\/arec.asso.fr\/index.php?rest_route=%2Fwp%2Fv2%2Fcomments&post=85"}],"version-history":[{"count":0,"href":"https:\/\/arec.asso.fr\/index.php?rest_route=\/wp\/v2\/pages\/85\/revisions"}],"up":[{"embeddable":true,"href":"https:\/\/arec.asso.fr\/index.php?rest_route=\/wp\/v2\/pages\/31"}],"wp:attachment":[{"href":"https:\/\/arec.asso.fr\/index.php?rest_route=%2Fwp%2Fv2%2Fmedia&parent=85"}],"curies":[{"name":"wp","href":"https:\/\/api.w.org\/{rel}","templated":true}]}}