{"id":83,"date":"2014-10-27T14:38:31","date_gmt":"2014-10-27T13:38:31","guid":{"rendered":"http:\/\/aresasso.wordpress.com\/?page_id=83"},"modified":"2014-10-27T14:38:31","modified_gmt":"2014-10-27T13:38:31","slug":"2007-2","status":"publish","type":"page","link":"https:\/\/arec.asso.fr\/?page_id=83","title":{"rendered":"2007"},"content":{"rendered":"<h2>Le n\u00e9o-confucianisme en Chine et dans l\u2019Asie orientale <span style=\"font-family:SimSun;\">\u4e2d\u570b\u8207\u6771\u4e9e\u7684\u7406\u5b78<\/span><\/h2>\n<p>Vendredi 7 et Samedi 8 juin 2007 &#8211; Ecole normale sup\u00e9rieure Lettres et Sciences humaines de Lyon<\/p>\n<h3>Programme<\/h3>\n<p>T\u00e9l\u00e9chargez le programme au <a href=\"http:\/\/arec.asso.fr\/wp-content\/uploads\/2014\/10\/2007programme7_8juin.pdf\" target=\"_blank\">format pdf<\/a><\/p>\n<p><b>Jeudi 7 juin<\/b><\/p>\n<p><b><span style=\"text-decoration:underline;\">Session 1<\/span> : La nature humaine et le destin <span style=\"font-family:SimSun;\">\u6027\u8207\u547d<\/span>, pr\u00e9sid\u00e9e par Eric Seizelet<\/b><\/p>\n<p>&nbsp;<\/p>\n<ul>\n<li>Allocution d\u2019ouverture (Olivier Faron, Directeur de l\u2019ENS LSH) <span style=\"font-family:SimSun;\">\u4eba\u6587\u9ad8\u5e2b\u6821\u9577\u81f4\u5f00\u5e55\u8bcd<\/span><\/li>\n<\/ul>\n<p>&nbsp;<\/p>\n<ul>\n<li>St\u00e9phane Feuillas (Paris 7)<i>La notion de destin chez Zhang Zai <span style=\"font-family:SimSun;\">\u5f35\u8f09\u201c\u547d\u201d\u7684\u6982\u5ff5<\/span><\/i><\/li>\n<li>Isabelle Sancho (Inalco)<i>Nature humaine et mandat c\u00e9leste chez Kw\u00f2n K\u00f9n (1352-1409) : quelques traits caract\u00e9ristiques de la r\u00e9ception cor\u00e9enne du n\u00e9o-confucianisme <span style=\"font-family:SimSun;\">\u6b0a\u8fd1\u7684\u4eba\u6027\u8ad6\u8207\u5929\u547d\u89c0\uff1a\u97d3\u570b\u63a5\u6536\u9053\u5b78\u7684\u5e7e\u500b\u7279\u5fb5<\/span><\/i><\/li>\n<li>Kim Daeyeol (Inalco)<i>La nature humaine et le destin chez Tasan (1762-1832) <span style=\"font-family:SimSun;\">\u8336\u5c71\u7684\u6027\u8207\u547d<\/span><\/i><\/li>\n<\/ul>\n<p>&nbsp;<\/p>\n<p><b><span style=\"text-decoration:underline;\">Session 2<\/span> : Interpr\u00e9tation du xin <span style=\"font-family:SimSun;\">\u201c\u5fc3\u201d\u7684\u89e3\u91cb<\/span>, pr\u00e9sid\u00e9e par Chung Tsai-chun<\/b><\/p>\n<p>&nbsp;<\/p>\n<ul>\n<li>Lee Ming-huei <span style=\"font-family:SimSun;\">\u674e\u660e\u8f1d<\/span> (Sinica, Taiwan)<i><span style=\"font-family:SimSun;\">\u6731\u5b50\u5c0d\u300c\u9053\u5fc3\u300d\u3001\u300c\u4eba\u5fc3\u300d\u7684\u8a6e\u91cb<\/span> (Interpr\u00e9tation par Zhu Xi de l\u2019esprit du Dao et de l\u2019esprit de l\u2019homme)<\/i><\/li>\n<li>Guillaume Dutournier (Inalco)<i>L&rsquo;appel \u00e0 l&rsquo;\u00e9vidence. Y a-t-il une sp\u00e9cificit\u00e9 des \u00ab yulu \u00bb de Lu Jiuyuan ? <span style=\"font-family:SimSun;\">\u547c\u559a\u4e0d\u722d\u7684\u4e8b\u5be6\uff1a\u9678\u4e5d\u6df5\u7684\u300a\u8a9e\u9304\u300b\u5177\u6709\u7279\u6b8a\u6027\u55ce\uff1f<\/span><\/i><\/li>\n<li>Lin Yuehui <span style=\"font-family:SimSun;\">\u6797\u6708\u60e0<\/span> (Sinica, Taiwan)<i><span style=\"font-family:SimSun;\">\u7f85\u6574\u83f4\u7684\u300c\u4eba\u5fc3\u9053\u5fc3\u300d\u8aaa<\/span> (Interpr\u00e9tation par Luo Qinshun de l\u2019esprit du Dao et de l\u2019esprit de l\u2019homme)<\/i><\/li>\n<li>Philippe Thi\u00e9bault (Universit\u00e9 de Hanyang, S\u00e9oul)<i>\u00c9tude de la relation du Ciel et de l\u2019homme chez Yi I, dit Yulgok (1536-1584), centr\u00e9e sur la question de la destin\u00e9e humaine <span style=\"font-family:SimSun;\">\u674e\u6817\u8c37\u7684\u5929\u4eba\u95dc\u7cfb\u63a2\u7a76\uff1a\u4ee5\u4eba\u985e\u547d\u904b\u554f\u984c\u70ba\u4e2d\u5fc3<\/span><\/i><\/li>\n<\/ul>\n<p>&nbsp;<\/p>\n<p><b>Vendredi 8 juin<\/b><\/p>\n<p><b><span style=\"text-decoration:underline;\">Session 3<\/span> : La raison et la connaissance <span style=\"font-family:SimSun;\">\u7406\u8207\u77e5<\/span>, pr\u00e9sid\u00e9e par Annick Horiuchi<\/b><\/p>\n<p>&nbsp;<\/p>\n<ul>\n<li>Zhu Hanmin <span style=\"font-family:SimSun;\">\u6731\u6f22\u6c11<\/span> (Univ. du Hunan)<i><span style=\"font-family:SimSun;\">\u5112\u5bb6\u4eba\u6587\u4fe1\u4ef0\u7684\u5b8c\u6210\u2014\u2014\u8ad6\u6731\u71b9\u300a\u56db\u66f8\u96c6\u6ce8\u300b\u7684\u601d\u60f3\u6587\u5316\u7279\u5fb5<\/span> (L\u2019accomplissement des croyances humanistes confuc\u00e9ennes : caract\u00e9ristiques culturelles et id\u00e9ologiques des Commentaires des Quatre Livres de Zhu Xi)<\/i><\/li>\n<li>Fr\u00e9d\u00e9ric Wang <span style=\"font-family:SimSun;\">\u738b\u8ad6\u8e8d<\/span><i>L\u2019esprit et la connaissance chez Wang Tingxiang (1474-1544) <span style=\"font-family:SimSun;\">\u738b\u5ef7\u76f8\u7684\u201c\u795e\u201d\u8207\u201c\u8b58\u201d<\/span><\/i><\/li>\n<li>Alain Marc Rieu (IAO, Lyon III)<i>En toute ignorance : remarques sur la gestion de l\u2019\u00eatre <span style=\"font-family:SimSun;\">\u884c\u5916\u4eba\u7684\u8a71\uff1a\u95dc\u65bc\u5b58\u5728\u201c\u7ba1\u7406\u201d\u7684\u5e7e\u9ede\u770b\u6cd5<\/span><\/i><\/li>\n<\/ul>\n<p>&nbsp;<\/p>\n<p><b><span style=\"text-decoration:underline;\">Session 4<\/span> : \u00c9volution du n\u00e9o-confucianisme <span style=\"font-family:SimSun;\">\u7406\u5b78\u7684\u767c\u5c55<\/span>, pr\u00e9sid\u00e9e par Pierre de la Robertie<\/b><\/p>\n<p>&nbsp;<\/p>\n<ul>\n<li>Annick Horiuchi (Paris 7)<i>La dimension n\u00e9o-confucianiste de la pens\u00e9e politique japonaise au tournant du XIXe si\u00e8cle <span style=\"font-family:SimSun;\">\u5341\u4e5d\u4e16\u7d00\u4e4b\u4ea4\u65e5\u672c\u653f\u6cbb\u601d\u60f3\u7684\u9053\u5b78\u7dad\u5ea6<\/span><\/i><\/li>\n<li>In-Chai Chung (Sogang University, S\u00e9oul)<i>The Korean Yangming Learning, its spirits and Development <span style=\"font-family:SimSun;\">\u97d3\u570b\u967d\u660e\u5b78\u7684\u7cbe\u795e\u8207\u767c\u5c55<\/span><\/i><\/li>\n<li>Li Cunshan <span style=\"font-family:SimSun;\">\u674e\u5b58\u5c71<\/span> (CASS, P\u00e9kin)<i><span style=\"font-family:SimSun;\">\u8303\u4ef2\u6df9\u8207\u5b8b\u4ee3\u65b0\u5112\u5b78<\/span> (Fan Zhongyan et le n\u00e9o-confucianisme des Song)<\/i><\/li>\n<li>Chung Tsai-chun <span style=\"font-family:SimSun;\">\u953a\u5f69\u921e<\/span> (Sinica)<i><span style=\"font-family:SimSun;\">\u8076\u96d9\u6c5f\u300a\u56f0\u8faf\u9304\u300b\u7684\u8a6e\u91cb<\/span> (L\u2019interpr\u00e9tation du Kunbian lu de Nie Shuangjian)<\/i><\/li>\n<li>Table ronde et conclusion (St\u00e9phane Feuillas, Fr\u00e9d\u00e9ric Wang) <span style=\"font-family:SimSun;\">\u5713\u684c\u6703\u3001\u7e3d\u7d50<\/span><\/li>\n<\/ul>\n<p>&nbsp;<\/p>\n","protected":false},"excerpt":{"rendered":"<p>Le n\u00e9o-confucianisme en Chine et dans l\u2019Asie orientale \u4e2d\u570b\u8207\u6771\u4e9e\u7684\u7406\u5b78 Vendredi 7 et Samedi 8 juin 2007 &#8211; Ecole normale sup\u00e9rieure Lettres et Sciences humaines de Lyon Programme T\u00e9l\u00e9chargez le programme au format pdf Jeudi 7 juin Session 1 : La nature humaine et le destin \u6027\u8207\u547d, pr\u00e9sid\u00e9e par Eric Seizelet &nbsp; Allocution d\u2019ouverture (Olivier Faron,&hellip;<\/p>\n","protected":false},"author":1,"featured_media":0,"parent":31,"menu_order":9,"comment_status":"open","ping_status":"closed","template":"page-templates\/template-full-width.php","meta":{"footnotes":""},"class_list":["post-83","page","type-page","status-publish","hentry"],"_links":{"self":[{"href":"https:\/\/arec.asso.fr\/index.php?rest_route=\/wp\/v2\/pages\/83","targetHints":{"allow":["GET"]}}],"collection":[{"href":"https:\/\/arec.asso.fr\/index.php?rest_route=\/wp\/v2\/pages"}],"about":[{"href":"https:\/\/arec.asso.fr\/index.php?rest_route=\/wp\/v2\/types\/page"}],"author":[{"embeddable":true,"href":"https:\/\/arec.asso.fr\/index.php?rest_route=\/wp\/v2\/users\/1"}],"replies":[{"embeddable":true,"href":"https:\/\/arec.asso.fr\/index.php?rest_route=%2Fwp%2Fv2%2Fcomments&post=83"}],"version-history":[{"count":0,"href":"https:\/\/arec.asso.fr\/index.php?rest_route=\/wp\/v2\/pages\/83\/revisions"}],"up":[{"embeddable":true,"href":"https:\/\/arec.asso.fr\/index.php?rest_route=\/wp\/v2\/pages\/31"}],"wp:attachment":[{"href":"https:\/\/arec.asso.fr\/index.php?rest_route=%2Fwp%2Fv2%2Fmedia&parent=83"}],"curies":[{"name":"wp","href":"https:\/\/api.w.org\/{rel}","templated":true}]}}