{"id":81,"date":"2014-10-27T14:37:37","date_gmt":"2014-10-27T13:37:37","guid":{"rendered":"http:\/\/aresasso.wordpress.com\/?page_id=81"},"modified":"2014-10-27T14:37:37","modified_gmt":"2014-10-27T13:37:37","slug":"2008-2","status":"publish","type":"page","link":"https:\/\/arec.asso.fr\/?page_id=81","title":{"rendered":"2008"},"content":{"rendered":"<p>Exceptionnellement, aucun colloque n&rsquo;a \u00e9t\u00e9 organis\u00e9 en 2008.<\/p>\n","protected":false},"excerpt":{"rendered":"<p>Exceptionnellement, aucun colloque n&rsquo;a \u00e9t\u00e9 organis\u00e9 en 2008.<\/p>\n","protected":false},"author":1,"featured_media":0,"parent":31,"menu_order":8,"comment_status":"open","ping_status":"closed","template":"page-templates\/template-full-width.php","meta":{"footnotes":""},"class_list":["post-81","page","type-page","status-publish","hentry"],"_links":{"self":[{"href":"https:\/\/arec.asso.fr\/index.php?rest_route=\/wp\/v2\/pages\/81","targetHints":{"allow":["GET"]}}],"collection":[{"href":"https:\/\/arec.asso.fr\/index.php?rest_route=\/wp\/v2\/pages"}],"about":[{"href":"https:\/\/arec.asso.fr\/index.php?rest_route=\/wp\/v2\/types\/page"}],"author":[{"embeddable":true,"href":"https:\/\/arec.asso.fr\/index.php?rest_route=\/wp\/v2\/users\/1"}],"replies":[{"embeddable":true,"href":"https:\/\/arec.asso.fr\/index.php?rest_route=%2Fwp%2Fv2%2Fcomments&post=81"}],"version-history":[{"count":0,"href":"https:\/\/arec.asso.fr\/index.php?rest_route=\/wp\/v2\/pages\/81\/revisions"}],"up":[{"embeddable":true,"href":"https:\/\/arec.asso.fr\/index.php?rest_route=\/wp\/v2\/pages\/31"}],"wp:attachment":[{"href":"https:\/\/arec.asso.fr\/index.php?rest_route=%2Fwp%2Fv2%2Fmedia&parent=81"}],"curies":[{"name":"wp","href":"https:\/\/api.w.org\/{rel}","templated":true}]}}