{"id":67,"date":"2014-10-27T14:26:50","date_gmt":"2014-10-27T13:26:50","guid":{"rendered":"http:\/\/aresasso.wordpress.com\/?page_id=67"},"modified":"2015-01-07T18:20:26","modified_gmt":"2015-01-07T17:20:26","slug":"2009-2","status":"publish","type":"page","link":"https:\/\/arec.asso.fr\/?page_id=67","title":{"rendered":"2009"},"content":{"rendered":"<h1>La formation des mots en chinois<\/h1>\n<p><a title=\"2009 (\u4e2d\u6587)\" href=\"http:\/\/arec.asso.fr\/?page_id=72\" target=\"_blank\">\u4e2d\u6587<\/a> <a title=\"2009 (English)\" href=\"http:\/\/arec.asso.fr\/?page_id=77\" target=\"_blank\">English<\/a><\/p>\n<p>L\u2019Association Recherche et Enseignement du Chinois (AREC) organisera les <b>7 et 8 novembre 2009 \u00e0 Paris<\/b> (Grands Moulins, Universit\u00e9 Paris Diderot &#8211; Paris 7) un colloque ayant pour th\u00e8me \u00ab\u00a0La formation des mots en chinois\u00a0\u00bb<\/p>\n<h2><\/h2>\n<h2>Appel \u00e0 communications<\/h2>\n<p>Ce colloque a pour objectif d\u2019aborder le probl\u00e8me de la formation des mots en chinois dans sa globalit\u00e9, et de r\u00e9unir autour d\u2019une m\u00eame table toute personne confront\u00e9e dans ses travaux aux diverses probl\u00e9matiques soulev\u00e9es par la formation des mots en chinois : linguistes, didacticiens, sp\u00e9cialistes du traitement automatique des langues, etc.<\/p>\n<p>Nous lan\u00e7ons donc un appel \u00e0 toutes les communications susceptibles de s\u2019inscrire dans ce th\u00e8me. Toutes les propositions seront les bienvenues, quel que soit le cadre th\u00e9orique adopt\u00e9. Les communications pourront concerner, de mani\u00e8re non exhaustive\u00a0 :<\/p>\n<ul>\n<li>les probl\u00e8mes d\u2019interface (phonologie\/morphologie et morphologie\/syntaxe)<\/li>\n<\/ul>\n<ul>\n<li>l\u2019analyse diachronique ou synchronique de donn\u00e9es linguistiques<\/li>\n<\/ul>\n<ul>\n<li>les probl\u00e8mes d\u2019analyse li\u00e9s au traitement automatique des donn\u00e9es<\/li>\n<\/ul>\n<ul>\n<li>les probl\u00e8mes d\u2019acquisition linguistique<\/li>\n<\/ul>\n<ul>\n<li>les questions de didactique\n<p>etc.<\/li>\n<\/ul>\n<h3><span style=\"text-decoration: underline;\"><b>Participation<\/b><\/span><\/h3>\n<p>Les propositions de communication sous forme de r\u00e9sum\u00e9 d\u2019une page au format A4 (police Times 12 ou <span style=\"font-family: SimSun;\">\u5b8b\u4f53 \u5c0f\u56db<\/span> ) devront \u00eatre envoy\u00e9es au plus tard <b>le 30 juin 2009<\/b> \u00e0 l\u2019adresse suivante\u00a0 :<\/p>\n<p><a href=\"mailto:colloque09@arec.asso.fr\">colloque09@arec.asso.fr<\/a><\/p>\n<p>Le r\u00e9sum\u00e9 devra inclure un titre, trois \u00e0 cinq mots cl\u00e9s et un texte pr\u00e9sentant de fa\u00e7on synth\u00e9tique la probl\u00e9matique, le cadre th\u00e9orique, la m\u00e9thodologie et les r\u00e9sultats obtenus. La communication pourra \u00eatre pr\u00e9sent\u00e9e en fran\u00e7ais, en chinois ou en anglais.<\/p>\n<p><span style=\"text-decoration: underline;\">Attention<\/span>\u00a0 : Le r\u00e9sum\u00e9 devra \u00eatre envoy\u00e9 en deux versions. L\u2019une au format .doc ou .rtf, devra comporter le nom de l\u2019auteur ou des auteurs, leur(s) \u00e9tablissement(s) de rattachement, leur fonction ainsi que leurs adresses postale et \u00e9lectronique. L\u2019autre, au format pdf, ne devra comporter aucune de ces informations.<\/p>\n<p>Les notifications d\u2019acceptation ou de rejet parviendront aux auteurs \u00e0 la fin du mois de juillet.<\/p>\n<h3><span style=\"text-decoration: underline;\"><b>Publication des actes<\/b><\/span><\/h3>\n<p>Une publication des actes est envisag\u00e9e. L\u2019ensemble des communications sera publi\u00e9 sur le site de l\u2019AREC \u00e0 l\u2019issue du colloque, puis une s\u00e9lection d\u2019articles fera l\u2019objet d\u2019une publication papier courant 2010.<\/p>\n<h3><span style=\"text-decoration: underline;\"><b>Comit\u00e9 d&rsquo;organisation<\/b><\/span><\/h3>\n<p>QI Chong, Universit\u00e9 Paris Diderot &#8211; Paris 7 <a href=\"mailto:qi.chong@univ-paris-diderot.fr\">qi.chong@univ-paris-diderot.fr<\/a><\/p>\n<p>Odile ROTH, INALCO <a href=\"mailto:odile.roth@inalco.fr\">odile.roth@inalco.fr<\/a><\/p>\n<h2><\/h2>\n<h2>Conf\u00e9renciers invit\u00e9s<\/h2>\n<p><b>Jerome Packard<\/b>, Universit\u00e9 de l&rsquo;Illinois : <b>The Chinese Lexicon: Rules of Participation<\/b><\/p>\n<p><b>Shi Dingxu \u77f3\u5b9a\u6829<\/b>, Universit\u00e9 polytechnique de Hong Kong : <b>\u6c49\u8bed\u590d\u5408\u8bcd\u7684\u7ed3\u6784&#8211;\u4ee5\u52a8-\u540d\u590d\u5408\u8bcd\u4e3a\u4f8b<\/b><\/p>\n<p>&nbsp;<\/p>\n<h2>Programme<\/h2>\n<p><a href=\"http:\/\/arec.asso.fr\/wp-content\/uploads\/2014\/10\/2009programme.pdf\" target=\"_blank\">T\u00e9l\u00e9charger le programme<\/a><\/p>\n<p>&nbsp;<\/p>\n<h2>Informations pratiques<\/h2>\n<h3><\/h3>\n<h3><span style=\"text-decoration: underline;\"><b>Lieu du colloque et Transports<\/b><\/span><\/h3>\n<p>Le colloque 2009 de l&rsquo;AREC se tiendra \u00e0 <b>l&rsquo;Universit\u00e9 Paris Diderot &#8211; Paris 7<\/b>, sur le site des Grands Moulins de Paris, dans le b\u00e2timent<b>\u00ab\u00a0Grands Moulins\u00a0\u00bb<\/b> (Aile C, 6\u00e8me \u00e9tage, salle 677) le 7 novembre, et au <b>Studio Arpete<\/b>, situ\u00e9 dans l&rsquo;enceinte des Frigos de Paris le dimanche 8 novembre.<\/p>\n<p><a href=\"http:\/\/arec.asso.fr\/wp-content\/uploads\/2014\/10\/plan_grandsmoulins.pdf\" target=\"_blank\">T\u00e9l\u00e9charger le plan<\/a><\/p>\n<p>Le site des Grands Moulins de l&rsquo;Universit\u00e9 Paris Diderot se situe dans le 13\u00e8me arrondissement. La station de m\u00e9tro la plus proche est \u00ab\u00a0Biblioth\u00e8que Fran\u00e7ois Mitterrand\u00a0\u00bb (M\u00e9tro ligne 14 ou RER C)<\/p>\n<p>&nbsp;<\/p>\n<p><span style=\"text-decoration: underline;\">Si vous arrivez par avion<\/span><\/p>\n<p>Vous trouverez toutes les informations n\u00e9cessaires sur la page d&rsquo;accueil d&rsquo;ADP-A\u00e9roports de Paris (A\u00e9roports Roissy-Charles-De-Gaulle &amp; Orly):<\/p>\n<p><a href=\"http:\/\/www.aeroportsdeparis.fr\/adp\/fr-fr\/passagers\/accueil\/\">http:\/\/www.aeroportsdeparis.fr\/adp\/fr-fr\/passagers\/accueil\/<\/a><\/p>\n<p><span style=\"text-decoration: underline;\">Si vous arrivez par le train<\/span><\/p>\n<p>Vous trouverez toutes les informations n\u00e9cessaires sur la page d&rsquo;accueil de la SNCF<\/p>\n<p><a href=\"http:\/\/www.sncf.fr\/\">http:\/\/www.sncf.fr\/<\/a><\/p>\n<p><span style=\"text-decoration: underline;\">Transports dans Paris<\/span><\/p>\n<p>Vous trouverez toutes les informations concernant les transports en commun de Paris sur le site de la RATP:<\/p>\n<p><a href=\"http:\/\/www.ratp.info\/touristes\/index.php\">http:\/\/www.ratp.info\/touristes\/index.php<\/a><\/p>\n<p>Vous y trouverez \u00e9galement un plan interactif et un outil de calcul d&rsquo;itin\u00e9raire:<\/p>\n<p><a href=\"http:\/\/www.ratp.info\/touristes\/index.php?langue=fr&amp;rub=reperer&amp;cat=itineraires\">http:\/\/www.ratp.info\/touristes\/index.php?langue=fr&amp;rub=reperer&amp;cat=itineraires<\/a><\/p>\n<h3><\/h3>\n<h3><span style=\"text-decoration: underline;\"><b>Logement<\/b><\/span><\/h3>\n<p>Voici une s\u00e9lection d&rsquo;h\u00f4tels \u00e0 proximit\u00e9 de l&rsquo;Universit\u00e9 Paris Diderot :<\/p>\n<p><span style=\"text-decoration: underline;\">Petits budgets (moins de 50 euros\/nuit)<\/span><\/p>\n<p><a href=\"http:\/\/www.hotel-tolbiac.com\/us\/index.html\">Hotel Tolbiac<\/a><\/p>\n<p><a href=\"http:\/\/www.cisp.fr\/cisp\/index.asp?ln=us\">Centre International de s\u00e9jour de Paris &#8211; Centre Kellermann<\/a><\/p>\n<p><span style=\"text-decoration: underline;\">Budgets moyens (50-100 euros\/nuit)<\/span><\/p>\n<p><a href=\"http:\/\/www.hotelplacedesalpes.com\/index.htm\">Hotel de la Place des Alpes<\/a><\/p>\n<p><a href=\"http:\/\/hotelarian.com\/\">Arian Hotel<\/a><\/p>\n<p><span style=\"text-decoration: underline;\">Budgets plus \u00e9lev\u00e9s (plus de 100 Euros\/nuit)<\/span><\/p>\n<p><a href=\"http:\/\/www.hotelcantagrel.com\/?page_id=8\">Hotel Cantagrel<\/a><\/p>\n<p><a href=\"http:\/\/paris.parkandsuites.com\/en\/index.php\">Hotel Park and Suites Paris Grande Biblioth\u00e8que<\/a><\/p>\n<p>Vous trouverez \u00e9galement d&rsquo;autres adresses en vous aidant des moteurs de recherche suivants<\/p>\n<p><a href=\"http:\/\/www.hotels-paris.com\/\">http:\/\/www.hotels-paris.com<\/a><\/p>\n<p><a href=\"http:\/\/www.eng.cityvox.fr\/hotels_paris\/Hotels\">http:\/\/www.eng.cityvox.fr\/hotels_paris\/Hotels<\/a><\/p>\n<p><a href=\"http:\/\/www.venere.com\/fr\/hotels\/paris\/bibliotheque-nationale\/\">http:\/\/www.venere.com\/fr\/hotels\/paris\/bibliotheque-nationale\/<\/a><\/p>\n<p>&nbsp;<\/p>\n<h2>Contacts<\/h2>\n<p>Vous pouvez contacter le comit\u00e9 d\u2019organisation \u00e0 l\u2019adresse suivante\u00a0 : <a href=\"mailto:colloque09@arec.asso.fr\">colloque09@arec.asso.fr<\/a><\/p>\n<p>Nous vous invitons \u00e9galement \u00e0 consulter r\u00e9guli\u00e8rement le site Internet de l\u2019AREC, o\u00f9 seront progressivement mises \u00e0 jour toutes les informations concernant le colloque :\u00a0http:\/\/arec.asso.fr\/?page_id=67<\/p>\n","protected":false},"excerpt":{"rendered":"<p>La formation des mots en chinois \u4e2d\u6587 English L\u2019Association Recherche et Enseignement du Chinois (AREC) organisera les 7 et 8 novembre 2009 \u00e0 Paris (Grands Moulins, Universit\u00e9 Paris Diderot &#8211; Paris 7) un colloque ayant pour th\u00e8me \u00ab\u00a0La formation des mots en chinois\u00a0\u00bb Appel \u00e0 communications Ce colloque a pour objectif d\u2019aborder le probl\u00e8me de&hellip;<\/p>\n","protected":false},"author":1,"featured_media":0,"parent":31,"menu_order":7,"comment_status":"open","ping_status":"closed","template":"page-templates\/template-full-width.php","meta":{"footnotes":""},"class_list":["post-67","page","type-page","status-publish","hentry"],"_links":{"self":[{"href":"https:\/\/arec.asso.fr\/index.php?rest_route=\/wp\/v2\/pages\/67","targetHints":{"allow":["GET"]}}],"collection":[{"href":"https:\/\/arec.asso.fr\/index.php?rest_route=\/wp\/v2\/pages"}],"about":[{"href":"https:\/\/arec.asso.fr\/index.php?rest_route=\/wp\/v2\/types\/page"}],"author":[{"embeddable":true,"href":"https:\/\/arec.asso.fr\/index.php?rest_route=\/wp\/v2\/users\/1"}],"replies":[{"embeddable":true,"href":"https:\/\/arec.asso.fr\/index.php?rest_route=%2Fwp%2Fv2%2Fcomments&post=67"}],"version-history":[{"count":3,"href":"https:\/\/arec.asso.fr\/index.php?rest_route=\/wp\/v2\/pages\/67\/revisions"}],"predecessor-version":[{"id":265,"href":"https:\/\/arec.asso.fr\/index.php?rest_route=\/wp\/v2\/pages\/67\/revisions\/265"}],"up":[{"embeddable":true,"href":"https:\/\/arec.asso.fr\/index.php?rest_route=\/wp\/v2\/pages\/31"}],"wp:attachment":[{"href":"https:\/\/arec.asso.fr\/index.php?rest_route=%2Fwp%2Fv2%2Fmedia&parent=67"}],"curies":[{"name":"wp","href":"https:\/\/api.w.org\/{rel}","templated":true}]}}