{"id":62,"date":"2014-10-27T14:17:18","date_gmt":"2014-10-27T13:17:18","guid":{"rendered":"http:\/\/aresasso.wordpress.com\/?page_id=62"},"modified":"2014-10-27T14:17:18","modified_gmt":"2014-10-27T13:17:18","slug":"2010-2","status":"publish","type":"page","link":"https:\/\/arec.asso.fr\/?page_id=62","title":{"rendered":"2010"},"content":{"rendered":"<h3>Appel \u00e0 communications<\/h3>\n<p>L\u2019Association Recherche et Enseignement du Chinois (AREC) organisera les <b>28 et 29 mai 2010 \u00e0 Paris<\/b> (Grands Moulins, Universit\u00e9 Paris Diderot &#8211; Paris 7) une journ\u00e9e d\u2019\u00e9tudes ayant pour th\u00e8me \u00ab\u00a0Le manuel de chinois dans le contexte de l&rsquo;enseignement en France\u00a0\u00bb<\/p>\n<p>La journ\u00e9e d\u2019\u00e9tudes a pour objectif de r\u00e9unir des r\u00e9flexions des enseignants de chinois en France sur le manuel de chinois dans le contexte de l\u2019enseignement. Quels manuels ? Quels outils p\u00e9dagogiques ? Quelles exp\u00e9riences ? Quels projets et propositions ?<\/p>\n<p>Les propositions de communication sous forme de r\u00e9sum\u00e9 d\u2019une demi-page au format A4 seront envoy\u00e9es avant le 30 avril \u00e0 l\u2019adresse suivante :<\/p>\n<p><a href=\"mailto:jinsiyan@fph.fr\">jinsiyan@fph.fr<\/a><\/p>\n<p>La communication pourra \u00eatre pr\u00e9sent\u00e9e en fran\u00e7ais, en chinois ou en anglais.<\/p>\n<h3>Programme<\/h3>\n<p><a href=\"http:\/\/arec.asso.fr\/wp-content\/uploads\/2014\/10\/2010programme_arec.pdf\" target=\"_blank\">T\u00e9l\u00e9charger le programme<\/a><\/p>\n<p><a href=\"http:\/\/arec.asso.fr\/wp-content\/uploads\/2014\/10\/2010resumes_comm.pdf\" target=\"_blank\">T\u00e9l\u00e9charger les r\u00e9sum\u00e9s des interventions<\/a><\/p>\n<p>&nbsp;<\/p>\n<h2>\u6c49\u8bed\u6559\u6750\u5728\u6cd5\u56fd\u6559\u5b66\u4e2d<\/h2>\n<p>&nbsp;<\/p>\n<h3>\u8bba\u6587\u63d0\u4ea4<\/h3>\n<p>\u6cd5\u56fd\u4e2d\u6587\u7814\u7a76\u4e0e\u6559\u5b66\u5b66\u4f1a \u5c06\u4e8e<b>2010\u5e745\u670828\u65e5\u81f329\u65e5\u4e0a\u5348\u5728\u5df4\u9ece<\/b>\u72c4\u5fb7\u7f57\u5927\u5b66\u5373\u5df4\u9ece\u7b2c\u4e03\u5927\u5b66\u4e3e\u884c\u4e00\u6b21 \u201c\u6c49\u8bed\u6559\u6750\u5728\u6cd5\u56fd\u6559\u5b66\u4e2d\u201d\u8ba8\u8bba\u4f1a\u3002<\/p>\n<p>\u8ba8\u8bba\u4f1a\u65e8\u5728\u4f1a\u805a\u6cd5\u56fd\u6c49\u8bed\u6559\u5e08\u5bf9\u6c49\u8bed\u6559\u6750\u5728\u6cd5\u56fd\u6559\u5b66\u4e2d\u7684\u601d\u8003\u3002\u7528\u4ec0\u4e48\u6559\u6750\uff1f\u600e\u6837\u7684\u6559\u5b66\u5de5\u5177\uff1f\u600e\u6837\u7684\u7ecf\u9a8c\uff1f\u6709\u4ec0\u4e48\u8ba1\u5212\u548c\u5efa\u8bae?<\/p>\n<p>\u8bba\u6587\u9898\u76ee\u4e0e\u6982\u8981\u8bf7\u4e8e\u56db\u6708\u4e09\u5341\u65e5\u4ee5\u524d\u5bc4\u5230 \uff1a<\/p>\n<p><a href=\"mailto:jinsiyan@fph.fr\">jinsiyan@fph.fr<\/a><\/p>\n<p>\u8ba8\u8bba\u4f1a\u7684\u5de5\u4f5c\u8bed\u8a00\u662f\u6cd5\u8bed\u3001\u4e2d\u6587\u3001\u82f1\u8bed\u3002<\/p>\n<p>&nbsp;<\/p>\n<h3>\u4f1a\u8bae\u65e5\u7a0b<\/h3>\n<p><a href=\"http:\/\/arec.asso.fr\/wp-content\/uploads\/2014\/10\/2010programme_arec.pdf\" target=\"_blank\">\u4f1a\u8bae\u65e5\u7a0b\u8868<\/a><\/p>\n<p><a href=\"http:\/\/arec.asso.fr\/wp-content\/uploads\/2014\/10\/2010resumes_comm.pdf\" target=\"_blank\">\u8bba\u6587\u6458\u8981<\/a><\/p>\n","protected":false},"excerpt":{"rendered":"<p>Appel \u00e0 communications L\u2019Association Recherche et Enseignement du Chinois (AREC) organisera les 28 et 29 mai 2010 \u00e0 Paris (Grands Moulins, Universit\u00e9 Paris Diderot &#8211; Paris 7) une journ\u00e9e d\u2019\u00e9tudes ayant pour th\u00e8me \u00ab\u00a0Le manuel de chinois dans le contexte de l&rsquo;enseignement en France\u00a0\u00bb La journ\u00e9e d\u2019\u00e9tudes a pour objectif de r\u00e9unir des r\u00e9flexions des&hellip;<\/p>\n","protected":false},"author":1,"featured_media":0,"parent":31,"menu_order":6,"comment_status":"open","ping_status":"closed","template":"page-templates\/template-full-width.php","meta":{"footnotes":""},"class_list":["post-62","page","type-page","status-publish","hentry"],"_links":{"self":[{"href":"https:\/\/arec.asso.fr\/index.php?rest_route=\/wp\/v2\/pages\/62","targetHints":{"allow":["GET"]}}],"collection":[{"href":"https:\/\/arec.asso.fr\/index.php?rest_route=\/wp\/v2\/pages"}],"about":[{"href":"https:\/\/arec.asso.fr\/index.php?rest_route=\/wp\/v2\/types\/page"}],"author":[{"embeddable":true,"href":"https:\/\/arec.asso.fr\/index.php?rest_route=\/wp\/v2\/users\/1"}],"replies":[{"embeddable":true,"href":"https:\/\/arec.asso.fr\/index.php?rest_route=%2Fwp%2Fv2%2Fcomments&post=62"}],"version-history":[{"count":0,"href":"https:\/\/arec.asso.fr\/index.php?rest_route=\/wp\/v2\/pages\/62\/revisions"}],"up":[{"embeddable":true,"href":"https:\/\/arec.asso.fr\/index.php?rest_route=\/wp\/v2\/pages\/31"}],"wp:attachment":[{"href":"https:\/\/arec.asso.fr\/index.php?rest_route=%2Fwp%2Fv2%2Fmedia&parent=62"}],"curies":[{"name":"wp","href":"https:\/\/api.w.org\/{rel}","templated":true}]}}