{"id":57,"date":"2014-10-27T14:06:59","date_gmt":"2014-10-27T13:06:59","guid":{"rendered":"http:\/\/aresasso.wordpress.com\/?page_id=57"},"modified":"2014-10-27T14:06:59","modified_gmt":"2014-10-27T13:06:59","slug":"2011-2","status":"publish","type":"page","link":"https:\/\/arec.asso.fr\/?page_id=57","title":{"rendered":"2011"},"content":{"rendered":"<h3>Appel \u00e0 communications<\/h3>\n<p>L&rsquo;Association Recherche et Enseignement du Chinois (AREC) organisera le <b>28 mai 2011 \u00e0 Paris<\/b> (Grands Moulins, Universit\u00e9 Paris Diderot &#8211; Paris 7) une journ\u00e9e d&rsquo;\u00e9tudes ayant pour th\u00e8me \u00ab\u00a0L\u2019espace dans la langue chinoise : avanc\u00e9es th\u00e9oriques et perspectives didactiques\u00a0\u00bb<\/p>\n<p>Les divers proc\u00e9d\u00e9s auxquels les langues du monde ont recours pour d\u00e9crire le rep\u00e9rage dans l\u2019espace et le d\u00e9placement font l\u2019objet depuis une vingtaine d\u2019ann\u00e9es de nombreux travaux. Il reste pourtant encore beaucoup \u00e0 faire concernant les comparaisons entre le fran\u00e7ais et le chinois. Sont attendues toutes les communications concernant le rep\u00e9rage dans l\u2019espace, l\u2019expression de la position des objets ou des personnes, et l\u2019expression du d\u00e9placement (proprement spatial ou m\u00e9taphorique). Outre les contributions plus th\u00e9oriques, les travaux concernant l\u2019int\u00e9gration des avanc\u00e9es th\u00e9oriques de ces derni\u00e8res ann\u00e9es \u00e0 l\u2019enseignement sont les bienvenues.<\/p>\n<p>Les propositions de communication (titre et r\u00e9sum\u00e9 d\u2019une demi-page A4 maximum) sont \u00e0 envoyer au plus tard le 15 mai 2011 \u00e0 l\u2019adresse suivante :<\/p>\n<p><a href=\"mailto:info@arec.asso.fr\">info@arec.asso.fr<\/a><\/p>\n<h3>Programme<\/h3>\n<p><a href=\"http:\/\/arec.asso.fr\/wp-content\/uploads\/2014\/10\/2011programme_28mai.pdf\" target=\"_blank\">T\u00e9l\u00e9charger le programme et le r\u00e9sum\u00e9 des interventions<\/a><\/p>\n","protected":false},"excerpt":{"rendered":"<p>Appel \u00e0 communications L&rsquo;Association Recherche et Enseignement du Chinois (AREC) organisera le 28 mai 2011 \u00e0 Paris (Grands Moulins, Universit\u00e9 Paris Diderot &#8211; Paris 7) une journ\u00e9e d&rsquo;\u00e9tudes ayant pour th\u00e8me \u00ab\u00a0L\u2019espace dans la langue chinoise : avanc\u00e9es th\u00e9oriques et perspectives didactiques\u00a0\u00bb Les divers proc\u00e9d\u00e9s auxquels les langues du monde ont recours pour d\u00e9crire le&hellip;<\/p>\n","protected":false},"author":1,"featured_media":0,"parent":31,"menu_order":5,"comment_status":"open","ping_status":"closed","template":"page-templates\/template-full-width.php","meta":{"footnotes":""},"class_list":["post-57","page","type-page","status-publish","hentry"],"_links":{"self":[{"href":"https:\/\/arec.asso.fr\/index.php?rest_route=\/wp\/v2\/pages\/57","targetHints":{"allow":["GET"]}}],"collection":[{"href":"https:\/\/arec.asso.fr\/index.php?rest_route=\/wp\/v2\/pages"}],"about":[{"href":"https:\/\/arec.asso.fr\/index.php?rest_route=\/wp\/v2\/types\/page"}],"author":[{"embeddable":true,"href":"https:\/\/arec.asso.fr\/index.php?rest_route=\/wp\/v2\/users\/1"}],"replies":[{"embeddable":true,"href":"https:\/\/arec.asso.fr\/index.php?rest_route=%2Fwp%2Fv2%2Fcomments&post=57"}],"version-history":[{"count":0,"href":"https:\/\/arec.asso.fr\/index.php?rest_route=\/wp\/v2\/pages\/57\/revisions"}],"up":[{"embeddable":true,"href":"https:\/\/arec.asso.fr\/index.php?rest_route=\/wp\/v2\/pages\/31"}],"wp:attachment":[{"href":"https:\/\/arec.asso.fr\/index.php?rest_route=%2Fwp%2Fv2%2Fmedia&parent=57"}],"curies":[{"name":"wp","href":"https:\/\/api.w.org\/{rel}","templated":true}]}}