{"id":517,"date":"2024-02-29T11:31:37","date_gmt":"2024-02-29T10:31:37","guid":{"rendered":"https:\/\/arec.asso.fr\/?page_id=517"},"modified":"2024-05-11T12:44:41","modified_gmt":"2024-05-11T11:44:41","slug":"2024-2","status":"publish","type":"page","link":"https:\/\/arec.asso.fr\/?page_id=517","title":{"rendered":"2024"},"content":{"rendered":"\n<h2 class=\"wp-block-heading has-text-align-center\"><strong>Colloque international&nbsp;\u00ab&nbsp;Histoire de la linguistique chinoise et de l\u2019enseignement du chinois&nbsp;\u00bb 2024<\/strong><\/h2>\n\n\n\n<p class=\"has-text-align-center\"><a href=\"https:\/\/arec.asso.fr\/?page_id=520\" target=\"_blank\" rel=\"noreferrer noopener\">\u4e2d\u6587\u6587\u544a<\/a>, <a href=\"https:\/\/arec.asso.fr\/?page_id=583\">English notice<\/a><\/p>\n\n\n<div class=\"wp-block-image\">\n<figure class=\"aligncenter size-large\"><a href=\"https:\/\/arec.asso.fr\/wp-content\/uploads\/2024\/05\/Capture-decran-2024-05-11-a-13.41.10.png\"><img loading=\"lazy\" decoding=\"async\" width=\"726\" height=\"1024\" src=\"https:\/\/arec.asso.fr\/wp-content\/uploads\/2024\/05\/Capture-decran-2024-05-11-a-13.41.10-726x1024.png\" alt=\"\" class=\"wp-image-607\" srcset=\"https:\/\/arec.asso.fr\/wp-content\/uploads\/2024\/05\/Capture-decran-2024-05-11-a-13.41.10-726x1024.png 726w, https:\/\/arec.asso.fr\/wp-content\/uploads\/2024\/05\/Capture-decran-2024-05-11-a-13.41.10-213x300.png 213w, https:\/\/arec.asso.fr\/wp-content\/uploads\/2024\/05\/Capture-decran-2024-05-11-a-13.41.10-768x1083.png 768w, https:\/\/arec.asso.fr\/wp-content\/uploads\/2024\/05\/Capture-decran-2024-05-11-a-13.41.10-1089x1536.png 1089w, https:\/\/arec.asso.fr\/wp-content\/uploads\/2024\/05\/Capture-decran-2024-05-11-a-13.41.10.png 1252w\" sizes=\"auto, (max-width: 726px) 100vw, 726px\" \/><\/a><\/figure>\n<\/div>\n\n\n<p>L\u2019objectif du colloque est donc de r\u00e9unir les chercheurs et didacticiens int\u00e9ress\u00e9s \u00e0 l\u2019histoire de notre discipline et aux questions \u00e9pist\u00e9mologiques pour ainsi leur fournir une plateforme de partage, d\u2019\u00e9changes et de discussion, leur permettant de r\u00e9fl\u00e9chir collectivement sur les d\u00e9fis actuels de la linguistique chinoise et de l\u2019enseignement \/ apprentissage du chinois. Cette initiative encourage \u00e9galement le dialogue interdisciplinaire et la collaboration entre chercheurs et didacticiens dans ces domaines.<\/p>\n\n\n\n<h2 class=\"wp-block-heading\">Informations importantes<\/h2>\n\n\n\n<p>Dates du colloque : 13 &#8211; 14 juin 2024<\/p>\n\n\n\n<p>Langues du colloque : fran\u00e7ais, anglais et chinois<\/p>\n\n\n\n<p>Lieu : Universit\u00e9 Paris Cit\u00e9 (Paris 13, France), Campus Grands Moulins, Halles aux farines (Amphie 3B)<\/p>\n\n\n\n<p><a href=\"https:\/\/arec.asso.fr\/wp-content\/uploads\/2024\/04\/Transportation-information-2.pdf\" data-type=\"link\" data-id=\"arec.asso.fr\/wp-content\/uploads\/2024\/04\/Transportation-information-1.pdf\">Information de transport<\/a><\/p>\n\n\n\n<h2 class=\"wp-block-heading\">Coordonn\u00e9es de contact<\/h2>\n\n\n\n<p><strong>Hong Kong<\/strong><\/p>\n\n\n\n<p>T\u00e9l\u00e9phone : (852) 69039597<\/p>\n\n\n\n<p>Email : zjunru@eduhk.hk<\/p>\n\n\n\n<p><strong>France<\/strong><\/p>\n\n\n\n<p>T\u00e9l\u00e9phone : (0033) 157276416<\/p>\n\n\n\n<p>Email : daxingwang.peng@icloud.com<\/p>\n\n\n\n<p><\/p>\n\n\n\n\n\n\n\n\n\n\n\n\n\n\n","protected":false},"excerpt":{"rendered":"<p>Colloque international&nbsp;\u00ab&nbsp;Histoire de la linguistique chinoise et de l\u2019enseignement du chinois&nbsp;\u00bb 2024 \u4e2d\u6587\u6587\u544a, English notice L\u2019objectif du colloque est donc de r\u00e9unir les chercheurs et didacticiens int\u00e9ress\u00e9s \u00e0 l\u2019histoire de notre discipline et aux questions \u00e9pist\u00e9mologiques pour ainsi leur fournir une plateforme de partage, d\u2019\u00e9changes et de discussion, leur permettant de r\u00e9fl\u00e9chir collectivement sur les&hellip;<\/p>\n","protected":false},"author":1,"featured_media":0,"parent":0,"menu_order":0,"comment_status":"closed","ping_status":"closed","template":"","meta":{"footnotes":""},"class_list":["post-517","page","type-page","status-publish","hentry"],"_links":{"self":[{"href":"https:\/\/arec.asso.fr\/index.php?rest_route=\/wp\/v2\/pages\/517","targetHints":{"allow":["GET"]}}],"collection":[{"href":"https:\/\/arec.asso.fr\/index.php?rest_route=\/wp\/v2\/pages"}],"about":[{"href":"https:\/\/arec.asso.fr\/index.php?rest_route=\/wp\/v2\/types\/page"}],"author":[{"embeddable":true,"href":"https:\/\/arec.asso.fr\/index.php?rest_route=\/wp\/v2\/users\/1"}],"replies":[{"embeddable":true,"href":"https:\/\/arec.asso.fr\/index.php?rest_route=%2Fwp%2Fv2%2Fcomments&post=517"}],"version-history":[{"count":28,"href":"https:\/\/arec.asso.fr\/index.php?rest_route=\/wp\/v2\/pages\/517\/revisions"}],"predecessor-version":[{"id":608,"href":"https:\/\/arec.asso.fr\/index.php?rest_route=\/wp\/v2\/pages\/517\/revisions\/608"}],"wp:attachment":[{"href":"https:\/\/arec.asso.fr\/index.php?rest_route=%2Fwp%2Fv2%2Fmedia&parent=517"}],"curies":[{"name":"wp","href":"https:\/\/api.w.org\/{rel}","templated":true}]}}