{"id":48,"date":"2014-10-27T13:57:22","date_gmt":"2014-10-27T12:57:22","guid":{"rendered":"http:\/\/aresasso.wordpress.com\/?page_id=48"},"modified":"2015-10-19T07:36:00","modified_gmt":"2015-10-19T06:36:00","slug":"2015-2","status":"publish","type":"page","link":"https:\/\/arec.asso.fr\/?page_id=48","title":{"rendered":"Colloque \u5b66\u672f\u7814\u8ba8\u4f1a 2015"},"content":{"rendered":"<h2 style=\"text-align: center;\"><strong>\u201c\u6c49\u8bed\u8bed\u6cd5\u7814\u7a76\u4e0e\u4e60\u5f97\u2014\u2014\u53e5\u6cd5\u548c\u8bed\u4e49\u201d\u56fd\u9645\u7814\u8ba8\u4f1a<br \/>\n<\/strong><strong>Colloque international<br \/>\n<\/strong><strong>La grammaire chinoise et son acquisition \u2013 syntaxe et s\u00e9mantique<\/strong><\/h2>\n<h2 style=\"text-align: center;\"><a href=\"http:\/\/arec.asso.fr\/wp-content\/uploads\/2014\/10\/Conference-Program-AREC-2015.pdf\">Programme<\/a><\/h2>\n<h2 style=\"text-align: center;\"><strong>\u00a0Appel \u00e0 communications<\/strong><\/h2>\n<h2 style=\"text-align: center;\"><strong> <a title=\"2015 (\u4e2d\u6587)\" href=\"http:\/\/arec.asso.fr\/?page_id=240\" target=\"_blank\">\u4e2d\u6587\u6587\u544a<\/a><\/strong><\/h2>\n<p>&nbsp;<\/p>\n<p style=\"text-align: justify;\">L\u2019Association Recherche et Enseignement du Chinois (AREC), en collaboration avec l\u2019Universit\u00e9 des Langues de P\u00e9kin (BLCU), \u00a0organisera les 5 et 6 juin 2015 \u00e0 l&rsquo;Universit\u00e9 Paris Diderot &#8211; Paris 7 le colloque international sur \u00ab\u00a0La grammaire chinoise et son acquisition \u2013 syntaxe et s\u00e9mantique\u00a0\u00bb. Cette manifestation a pour l\u2019objectif de faire conna\u00eetre des nouvelles avanc\u00e9es de la recherche en grammaire chinoise, de r\u00e9pondre aux besoins croissants de l&rsquo;enseignement de la langue chinoise (L1 et L2), et de permettre, par cons\u00e9quent, \u00e0 une meilleure articulation entre la recherche sur la grammaire chinoise et son application \u00e0 l\u2019enseignement.<\/p>\n<p style=\"text-align: justify;\">Les chercheurs et enseignants, ainsi que les \u00e9tudiants en Doctorat et en Master sont cordialement invit\u00e9s \u00e0 participer et \u00e0 contribuer \u00e0 ce colloque. Le comit\u00e9 scientifique \u00e9valuera la qualit\u00e9 des communications \u00e0 l\u2019issu du colloque en vue d\u2019une publication des actes.<\/p>\n<h3><strong>I. Th\u00e8me du colloque<\/strong><\/h3>\n<p style=\"text-align: justify;\">Nous lan\u00e7ons un appel \u00e0 toutes les communications susceptibles de s\u2019inscrire dans le th\u00e8me du colloque. Toutes les propositions seront les bienvenues, quel que soit le cadre th\u00e9orique adopt\u00e9. Les communications pourront concerner, de mani\u00e8re non exhaustive:<\/p>\n<p style=\"text-align: justify;\">1. La recherche en syntaxe chinoise<br \/>\n2. L\u2019analyse s\u00e9mantique li\u00e9e \u00e0 la syntaxe chinoise<br \/>\n3. La recherche sur l\u2019acquisition de la grammaire chinoise<\/p>\n<h3><strong>II. Langue de travail<\/strong><\/h3>\n<p>Fran\u00e7ais, Chinois, Anglais<\/p>\n<h3><strong>III. Calendrier<\/strong><\/h3>\n<p>1. Date limite de remise des propositions : le dimanche 01 f\u00e9vrier 2015<br \/>\n2. Notification d\u2019acceptation aux participants : le dimanche 15 mars 2015<br \/>\n3. Envoi de lettre d\u2019invitation\u00a0: fin mars 2015<br \/>\n4. Enregistrement des participants chinois\u00a0au colloque : le jeudi 4 juin 2015, 16h-20h.<br \/>\n5. Date du colloque : les vendredi 5 et samedi 6 juin 2015<\/p>\n<h3><strong>IV. Organisateurs<\/strong><\/h3>\n<p>Association Recherche et Enseignement du Chinois (AREC)<br \/>\nUniversit\u00e9 des Langues de P\u00e9kin (BLCU)<\/p>\n<h3><strong>V. Lieu du colloque<\/strong><\/h3>\n<p>Universit\u00e9 Paris Diderot \u2013 Paris 7<br \/>\n5, Rue Thomas Mann, 75013, Paris, France<\/p>\n<h3><strong>VI. Soumission des propositions de communication<\/strong><\/h3>\n<p style=\"text-align: justify;\">Les propositions de communication doivent \u00eatre soumises dans un document en format Word (A4, Times ou songti 12, interligne 1,5). Le document soumis doit comporter deux pages:<\/p>\n<p style=\"text-align: justify;\">Une page doit contenir le titre de la communication et un r\u00e9sum\u00e9 (n\u2019exc\u00e9dant pas une page), r\u00e9dig\u00e9 soit en chinois avec un minimum de 500 caract\u00e8res, soit en fran\u00e7ais\/anglais avec un minimum de 350 mots, pr\u00e9sentant la probl\u00e9matique, la m\u00e9thodologie ainsi que la conclusion (provisoire). Un minimum de r\u00e9f\u00e9rences bibliographiques (sous forme abr\u00e9g\u00e9e) et 3 \u00e0 5 mots-cl\u00e9s sont \u00e9galement requis en plus du r\u00e9sum\u00e9.<br \/>\nUne autre page doit contenir le titre de la communication et les informations sur l\u2019intervenant : nom, affiliation institutionnelle, statut ou grade, coordonn\u00e9es (adresse postale, adresse \u00e9lectronique et num\u00e9ro de t\u00e9l\u00e9phone).<br \/>\nLe document soumis doit \u00eatre envoy\u00e9 au plus tard le dimanche 01 f\u00e9vrier 2015 par courrier \u00e9lectronique \u00e0 l\u2019adresse suivant : yufa.arec.2015@gmail.com.<\/p>\n<h3><strong>VII. Contact<\/strong><\/h3>\n<p>Xiaohong HUANG\u00a0 \u00a0\u00a0\u00a0\u00a0\u00a0\u00a0 huang_xiaohong2003@yahoo.fr<br \/>\nRuoyu YAO \u00a0\u00a0\u00a0\u00a0\u00a0\u00a0\u00a0\u00a0\u00a0\u00a0\u00a0\u00a0\u00a0\u00a0\u00a0\u00a0\u00a0 yaoruoyu@gmail.com<\/p>\n<p>&nbsp;<\/p>\n<p style=\"text-align: right;\">Comit\u00e9 d\u2019organisation du colloque international<br \/>\n\u00ab\u00a0La grammaire chinoise et son acquisition \u2013 syntaxe et s\u00e9mantique\u00a0\u00bb<br \/>\nLe 01 d\u00e9cembre 2014<\/p>\n","protected":false},"excerpt":{"rendered":"<p>\u201c\u6c49\u8bed\u8bed\u6cd5\u7814\u7a76\u4e0e\u4e60\u5f97\u2014\u2014\u53e5\u6cd5\u548c\u8bed\u4e49\u201d\u56fd\u9645\u7814\u8ba8\u4f1a Colloque international La grammaire chinoise et son acquisition \u2013 syntaxe et s\u00e9mantique Programme \u00a0Appel \u00e0 communications \u4e2d\u6587\u6587\u544a &nbsp; L\u2019Association Recherche et Enseignement du Chinois (AREC), en collaboration avec l\u2019Universit\u00e9 des Langues de P\u00e9kin (BLCU), \u00a0organisera les 5 et 6 juin 2015 \u00e0 l&rsquo;Universit\u00e9 Paris Diderot &#8211; Paris 7 le colloque international sur \u00ab\u00a0La grammaire&hellip;<\/p>\n","protected":false},"author":1,"featured_media":0,"parent":296,"menu_order":1,"comment_status":"open","ping_status":"closed","template":"page-templates\/template-full-width.php","meta":{"footnotes":""},"class_list":["post-48","page","type-page","status-publish","hentry"],"_links":{"self":[{"href":"https:\/\/arec.asso.fr\/index.php?rest_route=\/wp\/v2\/pages\/48","targetHints":{"allow":["GET"]}}],"collection":[{"href":"https:\/\/arec.asso.fr\/index.php?rest_route=\/wp\/v2\/pages"}],"about":[{"href":"https:\/\/arec.asso.fr\/index.php?rest_route=\/wp\/v2\/types\/page"}],"author":[{"embeddable":true,"href":"https:\/\/arec.asso.fr\/index.php?rest_route=\/wp\/v2\/users\/1"}],"replies":[{"embeddable":true,"href":"https:\/\/arec.asso.fr\/index.php?rest_route=%2Fwp%2Fv2%2Fcomments&post=48"}],"version-history":[{"count":13,"href":"https:\/\/arec.asso.fr\/index.php?rest_route=\/wp\/v2\/pages\/48\/revisions"}],"predecessor-version":[{"id":312,"href":"https:\/\/arec.asso.fr\/index.php?rest_route=\/wp\/v2\/pages\/48\/revisions\/312"}],"up":[{"embeddable":true,"href":"https:\/\/arec.asso.fr\/index.php?rest_route=\/wp\/v2\/pages\/296"}],"wp:attachment":[{"href":"https:\/\/arec.asso.fr\/index.php?rest_route=%2Fwp%2Fv2%2Fmedia&parent=48"}],"curies":[{"name":"wp","href":"https:\/\/api.w.org\/{rel}","templated":true}]}}