{"id":459,"date":"2022-01-30T11:30:31","date_gmt":"2022-01-30T10:30:31","guid":{"rendered":"https:\/\/arec.asso.fr\/?page_id=459"},"modified":"2022-06-07T12:23:04","modified_gmt":"2022-06-07T11:23:04","slug":"2022-2","status":"publish","type":"page","link":"https:\/\/arec.asso.fr\/?page_id=459","title":{"rendered":"2022"},"content":{"rendered":"\n<h3 class=\"has-text-align-center wp-block-heading\" id=\"journees-d-etudes-arec-2022appel-a-communications\">Journ\u00e9es d\u2019\u00e9tudes AREC 2022<br>Appel \u00e0 communications<\/h3>\n\n\n\n<h2 class=\"has-text-align-center wp-block-heading\" id=\"enseignement-en-ligne-de-la-langue-et-de-la-civilisation-chinoises\">Enseignement en ligne de la langue et de la civilisation chinoises<\/h2>\n\n\n\n<p class=\"has-text-align-center has-medium-font-size\"><strong><a href=\"http:\/\/arec.asso.fr\/wp-content\/uploads\/2022\/06\/JE-AREC-2022-programme_220603.pdf\" data-type=\"URL\" data-id=\"http:\/\/arec.asso.fr\/wp-content\/uploads\/2022\/06\/JE-AREC-2022-programme_220603.pdf\" target=\"_blank\" rel=\"noreferrer noopener\">Programme final<\/a><\/strong><\/p>\n\n\n\n<p class=\"has-text-align-center has-medium-font-size\"><strong><a href=\"http:\/\/arec.asso.fr\/wp-content\/uploads\/2022\/05\/Livret-AREC-2022.pdf\" data-type=\"URL\" data-id=\"http:\/\/arec.asso.fr\/wp-content\/uploads\/2022\/05\/Livret-AREC-2022.pdf\" target=\"_blank\" rel=\"noreferrer noopener\">R\u00e9sum\u00e9s<\/a><\/strong><\/p>\n\n\n\n<p class=\"has-text-align-center\">Universit\u00e9 de Paris \u2013 Campus Grands Moulins<br>8 et 9 juin 2022<\/p>\n\n\n\n<p>Le d\u00e9veloppement des technologies num\u00e9riques est en train de changer la vie des citoyens dans tous les domaines. Les questions relatives aux impacts du num\u00e9rique dans l\u2019enseignement du chinois et de la civilisation chinoise occupent une place de plus en plus importante depuis l\u2019arriv\u00e9e de la pand\u00e9mie. Les diff\u00e9rents modes d\u2019enseignement poussent les enseignants et les chercheurs de langues et\/ou de civilisations \u00e0 amener une r\u00e9flexion plus profonde sur la relation entre les technologies et la didactique. Les technologies peuvent apporter une valeur ajout\u00e9e tant dans une formation en pr\u00e9sentiel, en distanciel que dans un mode hybride ou comodal, mais cette valeur ajout\u00e9e n\u00e9cessite des dispositifs centr\u00e9s sur l\u2019apprentissage des apprenants. De ce fait, il ne s&rsquo;agit pas tant d&rsquo;outils, de m\u00e9thodes que de changements de mentalit\u00e9s. Comment allier la p\u00e9dagogie et la technologie pour que les technologies peuvent porter r\u00e9ellement un impact positif sur l\u2019enseignement et l\u2019apprentissage ? Cette question m\u00e9rite vivement des discussions pour envisager une meilleure perspective \u00e0 l\u2019enseignement du CLE \u00e0 l\u2019\u00e8re num\u00e9rique.<\/p>\n\n\n\n<p>Les journ\u00e9es d\u2019\u00e9tudes AREC 2022 a pour vocation de r\u00e9fl\u00e9chir sur d\u2019une part l\u2019enseignement du chinois et de la civilisation chinoises en ligne dans diff\u00e9rents contextes institutionnels tel que l\u2019enseignement secondaire, enseignement sup\u00e9rieur, centre de langues, d\u2019autre part diff\u00e9rents modes et dispositifs de l\u2019enseignement du CLE. Ces communications pourront s\u2019organiser autour des domaines suivants (liste non-exhaustive) :<\/p>\n\n\n\n<ul class=\"wp-block-list\"><li>L\u2019enseignement de grammaire en ligne<\/li><li>L\u2019enseignement du lexique en ligne<\/li><li>L\u2019enseignement des caract\u00e8res chinois\/de l\u2019\u00e9criture chinoise en ligne<\/li><li>Enseignement de la civilisation en ligne<\/li><li>L\u2019enseignement de la traduction en ligne<\/li><li>Les dispositifs num\u00e9riques<\/li><li>L\u2019\u00e9valuation en ligne<\/li><li>La classe invers\u00e9e<\/li><li>Les comp\u00e9tences num\u00e9riques<\/li><\/ul>\n\n\n\n<p>Les propositions de communications, qui peuvent \u00eatre soumises en fran\u00e7ais, chinois ou anglais et doivent inclure un r\u00e9sum\u00e9 de 350 mots ou 500 caract\u00e8res et 3 \u00e0 5 mots-cl\u00e9s, sont \u00e0 envoyer avant le <mark style=\"background-color:rgba(0, 0, 0, 0)\" class=\"has-inline-color has-vivid-red-color\"><strong>13 f\u00e9vrier 2022<\/strong><\/mark> \u00e0 l\u2019adresse suivante : <a href=\"mailto:info@arec.asso.fr\">info@arec.asso.fr<\/a><\/p>\n\n\n\n<p>En raison de la situation pand\u00e9mique, les journ\u00e9es d\u2019\u00e9tudes se tiendraient sous forme <mark style=\"background-color:rgba(0, 0, 0, 0)\" class=\"has-inline-color has-vivid-red-color\">hybride<\/mark>, avec les communications et l\u2019audience \u00e0 la fois en pr\u00e9sentiel et en distanciel.<\/p>\n\n\n\n<p class=\"has-text-align-center has-medium-font-size\"><strong>Inscription<\/strong><\/p>\n\n\n\n<p><strong>Lien d\u2019inscription (pr\u00e9sentiel &amp; sur zoom)<br><\/strong>Que votre participation soit en ligne ou en pr\u00e9sentiel, l\u2019inscription via la lien ci-dessous est obligatoire <strong>avant le 5 juin&nbsp;:<\/strong> <a rel=\"noreferrer noopener\" href=\"https:\/\/forms.gle\/djNmnLuV8WtTYsty6\" target=\"_blank\">https:\/\/forms.gle\/djNmnLuV8WtTYsty6<\/a><strong><br><br>Tarif normal :<\/strong> 25 euros <br><strong>Tarif \u00e9tudiant :<\/strong> 10 euros <\/p>\n\n\n\n<p><strong>Paiement sur place <\/strong><strong>(les 8 et 9 juin <\/strong><strong>) :<\/strong> en esp\u00e8ces ou par ch\u00e8que \u00e0 l\u2019ordre de l\u2019AREC <br><strong>Paiement par virement <\/strong><strong>(avant le 5 juin <\/strong><strong>) :<\/strong> Apr\u00e8s avoir effectu\u00e9 le virement, veilliez envoyer le justificatif de virement et, le cas \u00e9ch\u00e9ant, le scan de la carte d&rsquo;\u00e9tudiant \u00e0 \u00ab\u00a0info@arec.asso.fr\u00a0\u00bb. <\/p>\n\n\n\n<p><strong>RIB d&rsquo;AREC <\/strong><strong>\uff1a<\/strong><br>IBAN de l&rsquo;AREC: FR76 3000 3031 9000 0505 7309 193<br>BIC-ADRESSE SWIFT : SOGEFRPP<\/p>\n\n\n\n<p><strong><em>N.B<\/em>.<\/strong> Pour les participants en ligne, le lien Zoom vous sera envoy\u00e9 le mercredi 8 juin \u00e0 8h (heure fran\u00e7aise). Veilliez v\u00e9rifier que votre adresse mail ne contient pas d&rsquo;erreur lors de votre inscription et merci de bien vouloir ajouter l&rsquo;adresser d&rsquo;AREC \u00ab\u00a0info@arec.asso.fr\u00a0\u00bb dans la liste blanche de votre service messagerie.<\/p>\n","protected":false},"excerpt":{"rendered":"<p>Journ\u00e9es d\u2019\u00e9tudes AREC 2022Appel \u00e0 communications Enseignement en ligne de la langue et de la civilisation chinoises Programme final R\u00e9sum\u00e9s Universit\u00e9 de Paris \u2013 Campus Grands Moulins8 et 9 juin 2022 Le d\u00e9veloppement des technologies num\u00e9riques est en train de changer la vie des citoyens dans tous les domaines. Les questions relatives aux impacts du&hellip;<\/p>\n","protected":false},"author":1,"featured_media":0,"parent":31,"menu_order":0,"comment_status":"closed","ping_status":"closed","template":"","meta":{"footnotes":""},"class_list":["post-459","page","type-page","status-publish","hentry"],"_links":{"self":[{"href":"https:\/\/arec.asso.fr\/index.php?rest_route=\/wp\/v2\/pages\/459","targetHints":{"allow":["GET"]}}],"collection":[{"href":"https:\/\/arec.asso.fr\/index.php?rest_route=\/wp\/v2\/pages"}],"about":[{"href":"https:\/\/arec.asso.fr\/index.php?rest_route=\/wp\/v2\/types\/page"}],"author":[{"embeddable":true,"href":"https:\/\/arec.asso.fr\/index.php?rest_route=\/wp\/v2\/users\/1"}],"replies":[{"embeddable":true,"href":"https:\/\/arec.asso.fr\/index.php?rest_route=%2Fwp%2Fv2%2Fcomments&post=459"}],"version-history":[{"count":7,"href":"https:\/\/arec.asso.fr\/index.php?rest_route=\/wp\/v2\/pages\/459\/revisions"}],"predecessor-version":[{"id":496,"href":"https:\/\/arec.asso.fr\/index.php?rest_route=\/wp\/v2\/pages\/459\/revisions\/496"}],"up":[{"embeddable":true,"href":"https:\/\/arec.asso.fr\/index.php?rest_route=\/wp\/v2\/pages\/31"}],"wp:attachment":[{"href":"https:\/\/arec.asso.fr\/index.php?rest_route=%2Fwp%2Fv2%2Fmedia&parent=459"}],"curies":[{"name":"wp","href":"https:\/\/api.w.org\/{rel}","templated":true}]}}