{"id":454,"date":"2022-01-30T11:23:55","date_gmt":"2022-01-30T10:23:55","guid":{"rendered":"https:\/\/arec.asso.fr\/?page_id=454"},"modified":"2022-01-30T11:23:55","modified_gmt":"2022-01-30T10:23:55","slug":"2020-2","status":"publish","type":"page","link":"https:\/\/arec.asso.fr\/?page_id=454","title":{"rendered":"2020"},"content":{"rendered":"\n<h2 class=\"has-text-align-center wp-block-heading\" id=\"journees-d-etudes-internationales-france-chine-echanges-et-interactions-culturelles-aux-xixe-et-xxe-siecles-19-20\u4e16\u7eaa\u4e2d\u6cd5\u6587\u5316\u4ea4\u6d41\u4e0e\u4e92\u878d\"><strong>Journ\u00e9es d\u2019\u00e9tudes internationales<br>\u00ab France &#8211; Chine, \u00e9changes et interactions culturelles aux XIXe et XXe si\u00e8cles \u00bb<br>\u00ab 19-20\u4e16\u7eaa\u4e2d\u6cd5\u6587\u5316\u4ea4\u6d41\u4e0e\u4e92\u878d \u00bb<\/strong><\/h2>\n\n\n\n<h2 class=\"has-text-align-center wp-block-heading\" id=\"annulees-pour-cause-de-covid-19\"><mark style=\"background-color:rgba(0, 0, 0, 0)\" class=\"has-inline-color has-vivid-red-color\">Annul\u00e9es pour cause de COVID-19<\/mark><\/h2>\n\n\n\n<p>L\u2019Association Recherche et Enseignement du Chinois (AREC), en collaboration avec l\u2019Institut Confucius de l\u2019Universit\u00e9 Paris 7 (Diderot), organisera les 23 et 24 juin 2020 \u00e0 l\u2019Universit\u00e9 Paris 7 (Diderot) des Journ\u00e9es d\u2019\u00e9tudes internationales sur le th\u00e8me \u00ab France &#8211; Chine, \u00e9changes et interactions culturelles aux XIXe et XXe si\u00e8cles \u00bb (19-20\u4e16\u7eaa\u4e2d\u6cd5\u6587\u5316\u4ea4\u6d41\u4e0e\u4e92\u878d).<\/p>\n\n\n\n<p>Les \u00e9changes culturels entre l\u2019Europe et la Chine, initi\u00e9s par les premiers voyageurs et missionnaires qui se sont rendus en Orient et intensifi\u00e9s notamment par la circulation de marchandises (objets pr\u00e9cieux, soieries, porcelaines\u2026) se sont multipli\u00e9s avec l\u2019\u00e9tablissement de missions en Chine. Le r\u00f4le des j\u00e9suites fran\u00e7ais et francophones a \u00e9t\u00e9 particuli\u00e8rement important pour la circulation des id\u00e9es et des savoirs, jetant les bases de la sinologie fran\u00e7aise et favorisant des \u00e9changes fructueux entre la France et la Chine dans les domaines des lettres, des arts et des sciences. Ces relations interculturelles s\u2019intensifieront aux XIXe et au XXe si\u00e8cles. En effet, si le r\u00f4le des missionnaires est encore central au XIXe si\u00e8cle, la fin du XIXe voit l\u2019\u00e9mergence d\u2019\u00e9changes auxquels les artistes et les \u00e9crivains chinois prennent une part active. Ce colloque se donne pour objectif d\u2019examiner les \u00e9changes et interactions culturels entre la France et la Chine en faisant appel \u00e0 diff\u00e9rentes perspectives. Cette manifestation vise ainsi \u00e0 donner \u00e0 chacun, dans des disciplines diff\u00e9rentes, l\u2019occasion de faire le point sur la nouveaut\u00e9 ou l\u2019avanc\u00e9e de ses recherches concernant ces interactions.<\/p>\n","protected":false},"excerpt":{"rendered":"<p>Journ\u00e9es d\u2019\u00e9tudes internationales\u00ab France &#8211; Chine, \u00e9changes et interactions culturelles aux XIXe et XXe si\u00e8cles \u00bb\u00ab 19-20\u4e16\u7eaa\u4e2d\u6cd5\u6587\u5316\u4ea4\u6d41\u4e0e\u4e92\u878d \u00bb Annul\u00e9es pour cause de COVID-19 L\u2019Association Recherche et Enseignement du Chinois (AREC), en collaboration avec l\u2019Institut Confucius de l\u2019Universit\u00e9 Paris 7 (Diderot), organisera les 23 et 24 juin 2020 \u00e0 l\u2019Universit\u00e9 Paris 7 (Diderot) des Journ\u00e9es d\u2019\u00e9tudes&hellip;<\/p>\n","protected":false},"author":1,"featured_media":0,"parent":31,"menu_order":0,"comment_status":"closed","ping_status":"closed","template":"","meta":{"footnotes":""},"class_list":["post-454","page","type-page","status-publish","hentry"],"_links":{"self":[{"href":"https:\/\/arec.asso.fr\/index.php?rest_route=\/wp\/v2\/pages\/454","targetHints":{"allow":["GET"]}}],"collection":[{"href":"https:\/\/arec.asso.fr\/index.php?rest_route=\/wp\/v2\/pages"}],"about":[{"href":"https:\/\/arec.asso.fr\/index.php?rest_route=\/wp\/v2\/types\/page"}],"author":[{"embeddable":true,"href":"https:\/\/arec.asso.fr\/index.php?rest_route=\/wp\/v2\/users\/1"}],"replies":[{"embeddable":true,"href":"https:\/\/arec.asso.fr\/index.php?rest_route=%2Fwp%2Fv2%2Fcomments&post=454"}],"version-history":[{"count":1,"href":"https:\/\/arec.asso.fr\/index.php?rest_route=\/wp\/v2\/pages\/454\/revisions"}],"predecessor-version":[{"id":456,"href":"https:\/\/arec.asso.fr\/index.php?rest_route=\/wp\/v2\/pages\/454\/revisions\/456"}],"up":[{"embeddable":true,"href":"https:\/\/arec.asso.fr\/index.php?rest_route=\/wp\/v2\/pages\/31"}],"wp:attachment":[{"href":"https:\/\/arec.asso.fr\/index.php?rest_route=%2Fwp%2Fv2%2Fmedia&parent=454"}],"curies":[{"name":"wp","href":"https:\/\/api.w.org\/{rel}","templated":true}]}}