{"id":410,"date":"2019-02-17T12:30:21","date_gmt":"2019-02-17T11:30:21","guid":{"rendered":"http:\/\/arec.asso.fr\/?page_id=410"},"modified":"2019-06-03T15:49:02","modified_gmt":"2019-06-03T14:49:02","slug":"2019-2","status":"publish","type":"page","link":"https:\/\/arec.asso.fr\/?page_id=410","title":{"rendered":"2019 Journ\u00e9e d&rsquo;\u00e9tudes \u5b66\u672f\u4f1a\u8bae"},"content":{"rendered":"\n<h2 class=\"wp-block-heading\" style=\"text-align:center\"><strong>Journ\u00e9es d\u2019\u00e9tudes AREC 2019<br> Appel \u00e0 communications<\/strong><\/h2>\n\n\n\n<h3 class=\"wp-block-heading\" style=\"text-align:center\"><strong>Chinois : linguistique et didactique de l\u2019oral<\/strong><\/h3>\n\n\n\n<h3 class=\"wp-block-heading\" style=\"text-align:center\"><strong> Universit\u00e9 Paris Diderot \u2013 Paris 7<br> 6 et 7 juin 2019<\/strong><\/h3>\n\n\n\n<h2 class=\"wp-block-heading\" style=\"text-align:center\"><a rel=\"noreferrer noopener\" aria-label=\"\u4e2d\u6587\u6587\u544a (s\u2019ouvre dans un nouvel onglet)\" href=\"http:\/\/arec.asso.fr\/?page_id=412\" target=\"_blank\">\u4e2d\u6587\u6587\u544a<\/a><\/h2>\n\n\n\n<p style=\"text-align:center\"><a href=\"http:\/\/arec.asso.fr\/wp-content\/uploads\/2019\/06\/JE-AREC-2019-_version-finale-a%CC%80-diffuser.pdf\" target=\"_blank\" rel=\"noreferrer noopener\" aria-label=\"Visualiser le programme ici (s\u2019ouvre dans un nouvel onglet)\">Visualiser le programme ici<\/a><\/p>\n\n\n\n<p>L\u2019\u00e9crit a occup\u00e9 et continue d\u2019occuper une place centrale dans la culture chinoise, dans la tradition philologique chinoise ainsi que dans la didactique du chinois, qui reconna\u00eet une grande importance \u00e0 l\u2019apprentissage des caract\u00e8res. Le caract\u00e8re relativement marginal de l\u2019oral dans la didactique et dans la description linguistique du chinois constitue le corollaire de cette place centrale occup\u00e9e par l\u2019\u00e9crit. Pourtant, au cours des derni\u00e8res d\u00e9cennies, le chinois oral a fait l\u2019objet d\u2019une attention croissante : l\u2019apprentissage des comp\u00e9tences de l\u2019oral prend une place importante dans la didactique du CLE, la description du chinois parl\u00e9 et des diff\u00e9rentes vari\u00e9t\u00e9s parl\u00e9es ne cesse de se d\u00e9velopper et les \u00e9tudes bas\u00e9es sur des corpus oraux se multiplient. <\/p>\n\n\n\n<p>Les journ\u00e9es d\u2019\u00e9tudes AREC 2019 seront consacr\u00e9es \u00e0 la linguistique et \u00e0 la didactique de l\u2019oral, \u00e9tudi\u00e9es sous diff\u00e9rents angles et perspectives, notamment dans les domaines suivants : <\/p>\n\n\n\n<ul class=\"wp-block-list\"><li>phon\u00e9tique et phonologie<\/li><li>syntaxe de l&rsquo;oral <\/li><li>\u00e9tudes bas\u00e9es sur des corpus oraux <\/li><li>didactique de l\u2019oral <\/li><li>apport des TICE \u00e0 l\u2019enseignement\/apprentissage de l\u2019oral <\/li><li>acquisition des comp\u00e9tences de l\u2019oral <\/li><li>interpr\u00e9tation <\/li><\/ul>\n\n\n\n<p>Les propositions de communications, qui peuvent \u00eatre soumises en fran\u00e7ais, chinois ou anglais et doivent inclure un r\u00e9sum\u00e9 de 350 mots ou 500 caract\u00e8res et 3 \u00e0 5 mots-cl\u00e9s, sont \u00e0 envoyer avant le 15 mars 2019 \u00e0 l\u2019adresse suivante : info@arec.asso.fr<\/p>\n\n\n\n<p>Frais d\u2019inscription : 30 euros (payables sur place en esp\u00e8ces ou par ch\u00e8que \u00e0 l\u2019ordre de l\u2019AREC)<\/p>\n","protected":false},"excerpt":{"rendered":"<p>Journ\u00e9es d\u2019\u00e9tudes AREC 2019 Appel \u00e0 communications Chinois : linguistique et didactique de l\u2019oral Universit\u00e9 Paris Diderot \u2013 Paris 7 6 et 7 juin 2019 \u4e2d\u6587\u6587\u544a Visualiser le programme ici L\u2019\u00e9crit a occup\u00e9 et continue d\u2019occuper une place centrale dans la culture chinoise, dans la tradition philologique chinoise ainsi que dans la didactique du chinois,&hellip;<\/p>\n","protected":false},"author":1,"featured_media":0,"parent":421,"menu_order":1,"comment_status":"closed","ping_status":"closed","template":"page-templates\/template-full-width.php","meta":{"footnotes":""},"class_list":["post-410","page","type-page","status-publish","hentry"],"_links":{"self":[{"href":"https:\/\/arec.asso.fr\/index.php?rest_route=\/wp\/v2\/pages\/410","targetHints":{"allow":["GET"]}}],"collection":[{"href":"https:\/\/arec.asso.fr\/index.php?rest_route=\/wp\/v2\/pages"}],"about":[{"href":"https:\/\/arec.asso.fr\/index.php?rest_route=\/wp\/v2\/types\/page"}],"author":[{"embeddable":true,"href":"https:\/\/arec.asso.fr\/index.php?rest_route=\/wp\/v2\/users\/1"}],"replies":[{"embeddable":true,"href":"https:\/\/arec.asso.fr\/index.php?rest_route=%2Fwp%2Fv2%2Fcomments&post=410"}],"version-history":[{"count":6,"href":"https:\/\/arec.asso.fr\/index.php?rest_route=\/wp\/v2\/pages\/410\/revisions"}],"predecessor-version":[{"id":450,"href":"https:\/\/arec.asso.fr\/index.php?rest_route=\/wp\/v2\/pages\/410\/revisions\/450"}],"up":[{"embeddable":true,"href":"https:\/\/arec.asso.fr\/index.php?rest_route=\/wp\/v2\/pages\/421"}],"wp:attachment":[{"href":"https:\/\/arec.asso.fr\/index.php?rest_route=%2Fwp%2Fv2%2Fmedia&parent=410"}],"curies":[{"name":"wp","href":"https:\/\/api.w.org\/{rel}","templated":true}]}}