{"id":334,"date":"2017-01-24T08:51:52","date_gmt":"2017-01-24T07:51:52","guid":{"rendered":"http:\/\/arec.asso.fr\/?page_id=334"},"modified":"2019-02-17T12:18:45","modified_gmt":"2019-02-17T11:18:45","slug":"2017-2","status":"publish","type":"page","link":"https:\/\/arec.asso.fr\/?page_id=334","title":{"rendered":"2017"},"content":{"rendered":"<h1 style=\"text-align: center;\">Journ\u00e9es d\u2019\u00e9tudes AREC 2017<\/h1>\n<h2 style=\"text-align: center;\"><a href=\"http:\/\/arec.asso.fr\/wp-content\/uploads\/2019\/02\/2017programmeabstracts.pdf\" target=\"_blank\" rel=\"noopener\"><em>Programme &amp; r\u00e9sum\u00e9s<\/em><\/a><\/h2>\n<h2 style=\"text-align: center;\">Le lexique du chinois contemporain<\/h2>\n<h3 style=\"text-align: center;\">Universit\u00e9 Paris Diderot \u2013 Paris 7, 2 et 3 juin 2017<\/h3>\n<p style=\"text-align: justify;\">Les \u00e9tudes sur le lexique (<em>Cihui yanjiu<\/em>) constituent un des principaux domaines de la linguistique contemporaine et sont issues d\u2019une tr\u00e8s riche tradition lexicologique et lexicographique. Le lexique chinois est aujourd\u2019hui analys\u00e9 et d\u00e9crit selon diff\u00e9rentes perspectives et approches, de la linguistique cognitive \u00e0 la sociolinguistique, de l&rsquo;acquisition du langage \u00e0 la linguistique contrastive. Le lexique occupe aussi une place consid\u00e9rable dans la didactique du chinois langue \u00e9trang\u00e8re, compte tenu de l\u2019importance de l\u2019apprentissage lexical pour des locuteurs de langues distantes qui ne partagent pas de racines lexicales communes.<\/p>\n<p style=\"text-align: justify;\">En 2004, un colloque AREC a \u00e9t\u00e9 consacr\u00e9 aux\u00a0 \u00ab <a href=\"http:\/\/arec.asso.fr\/?page_id=91\" target=\"_blank\" rel=\"noopener\">Formes verbales complexes du chinois<\/a> \u00bb, puis en 2009, \u00e0 la \u00ab <a href=\"http:\/\/arec.asso.fr\/?page_id=67\" target=\"_blank\" rel=\"noopener\">Formation des mots en chinois<\/a> \u00bb. Ces journ\u00e9es d\u2019\u00e9tudes en 2017 se proposent de mettre \u00e0 jour notre compr\u00e9hension du lexique chinois sous diff\u00e9rents angles et perspectives : de la description linguistique \u00e0 la didactique, du traitement automatique des langues aux possibilit\u00e9s offertes par les nouveaux outils d\u2019apprentissage. Elles sont ouvertes \u00e0 toute proposition ayant trait au lexique chinois ainsi qu\u2019\u00e0 son \u00e9tude ou apprentissage : de la n\u00e9ologie aux lexiques sp\u00e9cialis\u00e9s, de la formation des enseignants \u00e0 l\u2019\u00e9valuation de la comp\u00e9tence lexicale.<\/p>\n<p>Les propositions de communications, qui peuvent \u00eatre soumises en fran\u00e7ais, chinois ou anglais et doivent inclure un r\u00e9sum\u00e9 de 350 mots ou 500 caract\u00e8res et 3 \u00e0 5 mots-cl\u00e9s, sont \u00e0 envoyer avant le 31 mars 2017 \u00e0 l\u2019adresse suivante : info@arec.asso.fr.<\/p>\n<p style=\"text-align: justify;\"><strong>D\u00e9lai et frais d\u2019inscription\u00a0:<\/strong> 20 euros (payables par ch\u00e8que \u00e0 l\u2019ordre de l\u2019AREC).<\/p>\n<p><strong>Adresse postale de l\u2019AREC\u00a0:<\/strong><\/p>\n<p style=\"text-align: center;\">AREC (Association Recherche et Enseignement du Chinois)<\/p>\n<p style=\"text-align: center;\">UFR LCAO<\/p>\n<p style=\"text-align: center;\">Universit\u00e9 Paris Diderot<\/p>\n<p style=\"text-align: center;\">Case 7009<\/p>\n<p style=\"text-align: center;\">5, rue Thomas Mann<\/p>\n<p style=\"text-align: center;\">75205 Paris cedex 13<\/p>\n<p style=\"text-align: justify;\"><strong>Sponsor :<\/strong> ces journ\u00e9es d&rsquo;\u00e9tudes sont subventionn\u00e9es par l&rsquo;Institut Confucius de l&rsquo;Universit\u00e9 Paris Diderot-Paris 7.<\/p>\n","protected":false},"excerpt":{"rendered":"<p>Journ\u00e9es d\u2019\u00e9tudes AREC 2017 Programme &amp; r\u00e9sum\u00e9s Le lexique du chinois contemporain Universit\u00e9 Paris Diderot \u2013 Paris 7, 2 et 3 juin 2017 Les \u00e9tudes sur le lexique (Cihui yanjiu) constituent un des principaux domaines de la linguistique contemporaine et sont issues d\u2019une tr\u00e8s riche tradition lexicologique et lexicographique. Le lexique chinois est aujourd\u2019hui analys\u00e9&hellip;<\/p>\n","protected":false},"author":1,"featured_media":0,"parent":31,"menu_order":0,"comment_status":"closed","ping_status":"closed","template":"page-templates\/template-full-width.php","meta":{"footnotes":""},"class_list":["post-334","page","type-page","status-publish","hentry"],"_links":{"self":[{"href":"https:\/\/arec.asso.fr\/index.php?rest_route=\/wp\/v2\/pages\/334","targetHints":{"allow":["GET"]}}],"collection":[{"href":"https:\/\/arec.asso.fr\/index.php?rest_route=\/wp\/v2\/pages"}],"about":[{"href":"https:\/\/arec.asso.fr\/index.php?rest_route=\/wp\/v2\/types\/page"}],"author":[{"embeddable":true,"href":"https:\/\/arec.asso.fr\/index.php?rest_route=\/wp\/v2\/users\/1"}],"replies":[{"embeddable":true,"href":"https:\/\/arec.asso.fr\/index.php?rest_route=%2Fwp%2Fv2%2Fcomments&post=334"}],"version-history":[{"count":9,"href":"https:\/\/arec.asso.fr\/index.php?rest_route=\/wp\/v2\/pages\/334\/revisions"}],"predecessor-version":[{"id":408,"href":"https:\/\/arec.asso.fr\/index.php?rest_route=\/wp\/v2\/pages\/334\/revisions\/408"}],"up":[{"embeddable":true,"href":"https:\/\/arec.asso.fr\/index.php?rest_route=\/wp\/v2\/pages\/31"}],"wp:attachment":[{"href":"https:\/\/arec.asso.fr\/index.php?rest_route=%2Fwp%2Fv2%2Fmedia&parent=334"}],"curies":[{"name":"wp","href":"https:\/\/api.w.org\/{rel}","templated":true}]}}