{"id":296,"date":"2015-10-19T07:26:29","date_gmt":"2015-10-19T06:26:29","guid":{"rendered":"http:\/\/arec.asso.fr\/?page_id=296"},"modified":"2017-01-24T08:55:00","modified_gmt":"2017-01-24T07:55:00","slug":"2015-2-2","status":"publish","type":"page","link":"https:\/\/arec.asso.fr\/?page_id=296","title":{"rendered":"2015"},"content":{"rendered":"<h3>Deux manifestations scientifiques ont \u00e9t\u00e9 organis\u00e9es par l&rsquo;AREC en 2015.<\/h3>\n<h3>Pour plus de d\u00e9tails, merci de bien vouloir consulter les pages d\u00e9di\u00e9es \u00e0 chacune de ces manifestations ci-dessous :<\/h3>\n<ul>\n<li><a title=\"Colloque \u5b66\u672f\u7814\u8ba8\u4f1a\" href=\"http:\/\/arec.asso.fr\/?page_id=48\">\u201c\u6c49\u8bed\u8bed\u6cd5\u7814\u7a76\u4e0e\u4e60\u5f97\u2014\u2014\u53e5\u6cd5\u548c\u8bed\u4e49\u201d\u56fd\u9645\u7814\u8ba8\u4f1a<\/a><br \/>\n<a title=\"Colloque \u5b66\u672f\u7814\u8ba8\u4f1a\" href=\"http:\/\/arec.asso.fr\/?page_id=48\"> Colloque international \u00ab\u00a0La grammaire chinoise et son acquisition \u2013 syntaxe et s\u00e9mantique\u00a0\u00bb<\/a><\/li>\n<li><a title=\"Conf\u00e9rence \u5b66\u672f\u4f1a\u8bae\" href=\"http:\/\/arec.asso.fr\/?page_id=292\">\u6218\u56fd\u695a\u7b80<\/a><br \/>\n<a title=\"Conf\u00e9rence \u5b66\u672f\u4f1a\u8bae\" href=\"http:\/\/arec.asso.fr\/?page_id=292\"> Conf\u00e9rence sur \u00ab Les inscriptions sur lamelles de bambou du royaume de Chu \u00e0 l\u2019\u00e9poque des Royaumes combattants \u00bb<\/a><\/li>\n<\/ul>\n","protected":false},"excerpt":{"rendered":"<p>Deux manifestations scientifiques ont \u00e9t\u00e9 organis\u00e9es par l&rsquo;AREC en 2015. Pour plus de d\u00e9tails, merci de bien vouloir consulter les pages d\u00e9di\u00e9es \u00e0 chacune de ces manifestations ci-dessous : \u201c\u6c49\u8bed\u8bed\u6cd5\u7814\u7a76\u4e0e\u4e60\u5f97\u2014\u2014\u53e5\u6cd5\u548c\u8bed\u4e49\u201d\u56fd\u9645\u7814\u8ba8\u4f1a Colloque international \u00ab\u00a0La grammaire chinoise et son acquisition \u2013 syntaxe et s\u00e9mantique\u00a0\u00bb \u6218\u56fd\u695a\u7b80 Conf\u00e9rence sur \u00ab Les inscriptions sur lamelles de bambou du royaume de&hellip;<\/p>\n","protected":false},"author":1,"featured_media":0,"parent":31,"menu_order":0,"comment_status":"open","ping_status":"open","template":"page-templates\/template-full-width.php","meta":{"footnotes":""},"class_list":["post-296","page","type-page","status-publish","hentry"],"_links":{"self":[{"href":"https:\/\/arec.asso.fr\/index.php?rest_route=\/wp\/v2\/pages\/296","targetHints":{"allow":["GET"]}}],"collection":[{"href":"https:\/\/arec.asso.fr\/index.php?rest_route=\/wp\/v2\/pages"}],"about":[{"href":"https:\/\/arec.asso.fr\/index.php?rest_route=\/wp\/v2\/types\/page"}],"author":[{"embeddable":true,"href":"https:\/\/arec.asso.fr\/index.php?rest_route=\/wp\/v2\/users\/1"}],"replies":[{"embeddable":true,"href":"https:\/\/arec.asso.fr\/index.php?rest_route=%2Fwp%2Fv2%2Fcomments&post=296"}],"version-history":[{"count":2,"href":"https:\/\/arec.asso.fr\/index.php?rest_route=\/wp\/v2\/pages\/296\/revisions"}],"predecessor-version":[{"id":311,"href":"https:\/\/arec.asso.fr\/index.php?rest_route=\/wp\/v2\/pages\/296\/revisions\/311"}],"up":[{"embeddable":true,"href":"https:\/\/arec.asso.fr\/index.php?rest_route=\/wp\/v2\/pages\/31"}],"wp:attachment":[{"href":"https:\/\/arec.asso.fr\/index.php?rest_route=%2Fwp%2Fv2%2Fmedia&parent=296"}],"curies":[{"name":"wp","href":"https:\/\/api.w.org\/{rel}","templated":true}]}}