{"id":292,"date":"2015-10-19T07:14:38","date_gmt":"2015-10-19T06:14:38","guid":{"rendered":"http:\/\/arec.asso.fr\/?page_id=292"},"modified":"2017-01-24T08:55:15","modified_gmt":"2017-01-24T07:55:15","slug":"conference-%e5%ad%a6%e6%9c%af%e4%bc%9a%e8%ae%ae","status":"publish","type":"page","link":"https:\/\/arec.asso.fr\/?page_id=292","title":{"rendered":"Conf\u00e9rence \u5b66\u672f\u4f1a\u8bae 2015"},"content":{"rendered":"<h2 style=\"text-align: center;\"><strong>\u6218\u56fd\u695a\u7b80<br \/>\nConf\u00e9rence sur \u00ab\u00a0Les inscriptions sur lamelles de bambou du royaume de Chu \u00e0 l\u2019\u00e9poque des Royaumes combattants \u00bb<\/strong><\/h2>\n<p style=\"text-align: justify;\"><strong>\u00a0<\/strong><\/p>\n<h3 style=\"text-align: center;\"><strong>M. Cheng Wai Ming Peter<\/strong><\/h3>\n<h4 style=\"text-align: center;\">Samedi 17 octobre 2015 de 9 h 30 \u00e0 11 h 00<\/h4>\n<h4 style=\"text-align: center;\">Universit\u00e9 Paris Diderot-Paris 7, UFR, LCAO\u00a0, salle 479\u00a0 C,<\/h4>\n<h4 style=\"text-align: center;\">b\u00e2timent\u00a0 des Grands Moulins, aile C, 5 rue Thomas Mann, 75013, Paris<\/h4>\n<p style=\"text-align: justify;\">L\u2019Association Recherche et Enseignement du Chinois (AREC, \u6cd5\u56fd\u4e2d\u6587\u7814\u7a76\u4e0e\u6559\u5b66\u5b66\u4f1a) et l\u2019Association des anciens \u00e9l\u00e8ves de l\u2019\u00e9cole des Langues \u00e9trang\u00e8res de Nankin en France (\u5357\u4eac\u5916\u56fd\u8bed\u5b66\u6821\u65c5\u6cd5\u6821\u53cb\u4f1a) ont le plaisir de vous inviter \u00e0 la conf\u00e9rence de M. Cheng Wai Ming Peter, \u90d1\u709c\u660e (la conf\u00e9rence sera pr\u00e9sent\u00e9e en chinois)\uff1a<\/p>\n<h3 style=\"text-align: center;\">\u00ab\u00a0Les inscriptions sur lamelles de bambou du royaume de Chu \u00e0 l\u2019\u00e9poque des Royaumes combattants \u00a0\u6218\u56fd\u695a\u7b80 \u00bb<\/h3>\n<p style=\"text-align: justify;\">\u00a0<a href=\"http:\/\/arec.asso.fr\/wp-content\/uploads\/2015\/10\/zhanguochujian.jpg\"><img loading=\"lazy\" decoding=\"async\" class=\" size-medium wp-image-293 aligncenter\" src=\"http:\/\/arec.asso.fr\/wp-content\/uploads\/2015\/10\/zhanguochujian-300x200.jpg\" alt=\"zhanguochujian\" width=\"300\" height=\"200\" srcset=\"https:\/\/arec.asso.fr\/wp-content\/uploads\/2015\/10\/zhanguochujian-300x200.jpg 300w, https:\/\/arec.asso.fr\/wp-content\/uploads\/2015\/10\/zhanguochujian.jpg 599w\" sizes=\"auto, (max-width: 300px) 100vw, 300px\" \/><\/a><\/p>\n<p style=\"text-align: justify;\">M. Cheng Wai Ming Peter, \u90d1\u709c\u660e, Directeur-adjoint de The Jao Tsung-I Petite \u00c9cole, The University of Hong Kong (\u9999\u6e2f\u5927\u5b66\u9976\u5b97\u9890\u5b66\u672f\u9986), est invit\u00e9 en France \u00e0 l\u2019occasion du Colloque international\u00a0\u00ab\u00a0La calligraphie dans les pays sinis\u00e9s\u00a0: art de la main, art de l\u2019esprit\u00a0\u00bb, co-organis\u00e9 par le CREOPS (Universit\u00e9 Paris-Sorbonne \u2013Paris IV) et l\u2019Universit\u00e9 d\u2019Artois (le 14 octobre 2015 \u00e0\u00a0Arras, puis le 15 \u00e0 l\u2019INHA, 2, rue Vivienne, Paris), o\u00f9 il fera une communication De Ren Bonian, Wu Changshuo, Wang Yiting au grand ma\u00eetre Jao Tsung-I \u2013 l\u2019art de l\u2019int\u00e9gration de la calligraphie dans la peinture chinoise au vingti\u00e8me si\u00e8cle \u5f9e\u4efb\u4f2f\u5e74\u3001\u5433\u660c\u78a9\u3001\u738b\u4e00\u4ead\u5230\u9952\u5b97\u9824-\u7c21\u8ad6\u4e8c\u5341\u4e16\u7d00\u4e2d\u570b\u4ee5\u66f8\u6cd5\u5165\u756b\u7684\u85dd\u8853\u3002<\/p>\n","protected":false},"excerpt":{"rendered":"<p>\u6218\u56fd\u695a\u7b80 Conf\u00e9rence sur \u00ab\u00a0Les inscriptions sur lamelles de bambou du royaume de Chu \u00e0 l\u2019\u00e9poque des Royaumes combattants \u00bb \u00a0 M. Cheng Wai Ming Peter Samedi 17 octobre 2015 de 9 h 30 \u00e0 11 h 00 Universit\u00e9 Paris Diderot-Paris 7, UFR, LCAO\u00a0, salle 479\u00a0 C, b\u00e2timent\u00a0 des Grands Moulins, aile C, 5 rue Thomas&hellip;<\/p>\n","protected":false},"author":1,"featured_media":0,"parent":296,"menu_order":3,"comment_status":"open","ping_status":"closed","template":"page-templates\/template-full-width.php","meta":{"footnotes":""},"class_list":["post-292","page","type-page","status-publish","hentry"],"_links":{"self":[{"href":"https:\/\/arec.asso.fr\/index.php?rest_route=\/wp\/v2\/pages\/292","targetHints":{"allow":["GET"]}}],"collection":[{"href":"https:\/\/arec.asso.fr\/index.php?rest_route=\/wp\/v2\/pages"}],"about":[{"href":"https:\/\/arec.asso.fr\/index.php?rest_route=\/wp\/v2\/types\/page"}],"author":[{"embeddable":true,"href":"https:\/\/arec.asso.fr\/index.php?rest_route=\/wp\/v2\/users\/1"}],"replies":[{"embeddable":true,"href":"https:\/\/arec.asso.fr\/index.php?rest_route=%2Fwp%2Fv2%2Fcomments&post=292"}],"version-history":[{"count":3,"href":"https:\/\/arec.asso.fr\/index.php?rest_route=\/wp\/v2\/pages\/292\/revisions"}],"predecessor-version":[{"id":315,"href":"https:\/\/arec.asso.fr\/index.php?rest_route=\/wp\/v2\/pages\/292\/revisions\/315"}],"up":[{"embeddable":true,"href":"https:\/\/arec.asso.fr\/index.php?rest_route=\/wp\/v2\/pages\/296"}],"wp:attachment":[{"href":"https:\/\/arec.asso.fr\/index.php?rest_route=%2Fwp%2Fv2%2Fmedia&parent=292"}],"curies":[{"name":"wp","href":"https:\/\/api.w.org\/{rel}","templated":true}]}}