{"id":19,"date":"2014-10-27T12:41:18","date_gmt":"2014-10-27T11:41:18","guid":{"rendered":"http:\/\/aresasso.wordpress.com\/?page_id=19"},"modified":"2014-10-27T12:41:18","modified_gmt":"2014-10-27T11:41:18","slug":"objectif","status":"publish","type":"page","link":"https:\/\/arec.asso.fr\/?page_id=19","title":{"rendered":"Objectif de l\u2019association"},"content":{"rendered":"<p>Association loi 1901 fond\u00e9e en 2002, l&rsquo;AREC a pour vocation de\u00a0 :<\/p>\n<ul>\n<li>Contribuer \u00e0 l&rsquo;am\u00e9lioration de l&rsquo;enseignement du chinois dans les \u00e9tablissements d&rsquo;enseignement sup\u00e9rieur fran\u00e7ais, universit\u00e9s, instituts et grandes \u00e9coles.<\/li>\n<li>Favoriser par tous les moyens le d\u00e9veloppement, la mise en commun et la diffusion des recherches scientifiques et des r\u00e9alisations p\u00e9dagogiques relevant des domaines de la didactique, de la linguistique et de la civilisation chinoises.<\/li>\n<\/ul>\n<p>Dans ce cadre, l&rsquo;association s&rsquo;attache particuli\u00e8rement \u00e0 d\u00e9velopper des collaborations avec les institutions et \u00e9tablissements d&rsquo;enseignement sup\u00e9rieur chinois et \u00e9trangers.<\/p>\n","protected":false},"excerpt":{"rendered":"<p>Association loi 1901 fond\u00e9e en 2002, l&rsquo;AREC a pour vocation de\u00a0 : Contribuer \u00e0 l&rsquo;am\u00e9lioration de l&rsquo;enseignement du chinois dans les \u00e9tablissements d&rsquo;enseignement sup\u00e9rieur fran\u00e7ais, universit\u00e9s, instituts et grandes \u00e9coles. Favoriser par tous les moyens le d\u00e9veloppement, la mise en commun et la diffusion des recherches scientifiques et des r\u00e9alisations p\u00e9dagogiques relevant des domaines de&hellip;<\/p>\n","protected":false},"author":1,"featured_media":0,"parent":5,"menu_order":1,"comment_status":"open","ping_status":"closed","template":"page-templates\/template-full-width.php","meta":{"footnotes":""},"class_list":["post-19","page","type-page","status-publish","hentry"],"_links":{"self":[{"href":"https:\/\/arec.asso.fr\/index.php?rest_route=\/wp\/v2\/pages\/19","targetHints":{"allow":["GET"]}}],"collection":[{"href":"https:\/\/arec.asso.fr\/index.php?rest_route=\/wp\/v2\/pages"}],"about":[{"href":"https:\/\/arec.asso.fr\/index.php?rest_route=\/wp\/v2\/types\/page"}],"author":[{"embeddable":true,"href":"https:\/\/arec.asso.fr\/index.php?rest_route=\/wp\/v2\/users\/1"}],"replies":[{"embeddable":true,"href":"https:\/\/arec.asso.fr\/index.php?rest_route=%2Fwp%2Fv2%2Fcomments&post=19"}],"version-history":[{"count":0,"href":"https:\/\/arec.asso.fr\/index.php?rest_route=\/wp\/v2\/pages\/19\/revisions"}],"up":[{"embeddable":true,"href":"https:\/\/arec.asso.fr\/index.php?rest_route=\/wp\/v2\/pages\/5"}],"wp:attachment":[{"href":"https:\/\/arec.asso.fr\/index.php?rest_route=%2Fwp%2Fv2%2Fmedia&parent=19"}],"curies":[{"name":"wp","href":"https:\/\/api.w.org\/{rel}","templated":true}]}}